{"id":3559,"date":"2022-02-21T14:45:56","date_gmt":"2022-02-21T13:45:56","guid":{"rendered":"https:\/\/btl.com.pl\/?post_type=product&#038;p=3559"},"modified":"2022-03-28T20:30:55","modified_gmt":"2022-03-28T18:30:55","slug":"agar-oxford-pp-0213","status":"publish","type":"product","link":"https:\/\/www.btl.com.pl\/en\/produkty\/weterynaria\/podloza-gotowe-na-plytkach\/agar-oxford-pp-0213\/","title":{"rendered":"Agar Oxford.  PP 0213"},"content":{"rendered":"<div>nr katalogowy: <b>PP 0213<\/b><\/div>\n<p>&nbsp;<\/p>\n<div>\n<p><strong>Zastosowanie:<\/strong><br \/>\nAgar Oxford to pod\u0142o\u017ce wybi\u00f3rczo-r\u00f3\u017cnicuj\u0105ce s\u0142u\u017c\u0105ce do wykrywania i izolacji<em> Listeria monocytogenes<\/em> z produkt\u00f3w \u017cywno\u015bciowych (np. mleka i jego przetwor\u00f3w) i pasz. Agar Oxford zawiera odpowiedni\u0105 ilo\u015b\u0107 sk\u0142adnik\u00f3w od\u017cywczych gwarantuj\u0105cych wzrost i rozmna\u017canie bakterii z rodzaju <em>Listeria.<\/em><br \/>\n<strong>Wielko\u015b\u0107 opakowania:<\/strong><br \/>\n20 p\u0142ytek<\/p>\n<\/div>","protected":false},"excerpt":{"rendered":"<p>nr katalogowy: PP 0213 &nbsp; Zastosowanie: Agar Oxford to pod\u0142o\u017ce wybi\u00f3rczo-r\u00f3\u017cnicuj\u0105ce s\u0142u\u017c\u0105ce do wykrywania i izolacji Listeria monocytogenes z produkt\u00f3w \u017cywno\u015bciowych (np. mleka i jego przetwor\u00f3w) i pasz. Agar Oxford zawiera odpowiedni\u0105 ilo\u015b\u0107 sk\u0142adnik\u00f3w od\u017cywczych gwarantuj\u0105cych wzrost i rozmna\u017canie bakterii z rodzaju Listeria. Wielko\u015b\u0107 opakowania: 20 p\u0142ytek<\/p>","protected":false},"featured_media":0,"template":"","meta":[],"product_brand":[],"product_cat":[104,97,78,80],"product_tag":[],"class_list":{"0":"post-3559","1":"product","2":"type-product","3":"status-publish","5":"product_cat-plytki-podloza-mikrobiologiczne-gotowe","6":"product_cat-podloza-gotowe-na-plytkach","7":"product_cat-podloza-mikrobiologiczne-gotowe","8":"product_cat-weterynaria","10":"first","11":"instock","12":"shipping-taxable","13":"product-type-simple"},"_links":{"self":[{"href":"https:\/\/www.btl.com.pl\/en\/wp-json\/wp\/v2\/product\/3559","targetHints":{"allow":["GET"]}}],"collection":[{"href":"https:\/\/www.btl.com.pl\/en\/wp-json\/wp\/v2\/product"}],"about":[{"href":"https:\/\/www.btl.com.pl\/en\/wp-json\/wp\/v2\/types\/product"}],"version-history":[{"count":1,"href":"https:\/\/www.btl.com.pl\/en\/wp-json\/wp\/v2\/product\/3559\/revisions"}],"predecessor-version":[{"id":3560,"href":"https:\/\/www.btl.com.pl\/en\/wp-json\/wp\/v2\/product\/3559\/revisions\/3560"}],"wp:attachment":[{"href":"https:\/\/www.btl.com.pl\/en\/wp-json\/wp\/v2\/media?parent=3559"}],"wp:term":[{"taxonomy":"product_brand","embeddable":true,"href":"https:\/\/www.btl.com.pl\/en\/wp-json\/wp\/v2\/product_brand?post=3559"},{"taxonomy":"product_cat","embeddable":true,"href":"https:\/\/www.btl.com.pl\/en\/wp-json\/wp\/v2\/product_cat?post=3559"},{"taxonomy":"product_tag","embeddable":true,"href":"https:\/\/www.btl.com.pl\/en\/wp-json\/wp\/v2\/product_tag?post=3559"}],"curies":[{"name":"wp","href":"https:\/\/api.w.org\/{rel}","templated":true}]}}