{"id":3555,"date":"2022-02-21T14:41:59","date_gmt":"2022-02-21T13:41:59","guid":{"rendered":"https:\/\/btl.com.pl\/?post_type=product&#038;p=3555"},"modified":"2022-03-28T19:48:30","modified_gmt":"2022-03-28T17:48:30","slug":"agar-odzywczy-z-glukoza-pp-0012","status":"publish","type":"product","link":"https:\/\/www.btl.com.pl\/en\/produkty\/weterynaria\/podloza-gotowe-na-plytkach\/agar-odzywczy-z-glukoza-pp-0012\/","title":{"rendered":"Agar od\u017cywczy (z glukoz\u0105).   PP 0012"},"content":{"rendered":"<div>nr katalogowy: <b>PP 0012<\/b><\/div>\n<p>&nbsp;<\/p>\n<div>\n<p><strong>Zastosowanie:<\/strong><br \/>\nPod\u0142o\u017ce uniwersalne do hodowli mikroorganizm\u00f3w o podwy\u017cszonych wymaganiach pokarmowych.<br \/>\n<strong>Wielko\u015b\u0107 opakowa\u0144:<\/strong><br \/>\n20 p\u0142ytek<\/p>\n<\/div>","protected":false},"excerpt":{"rendered":"<p>nr katalogowy: PP 0012 &nbsp; Zastosowanie: Pod\u0142o\u017ce uniwersalne do hodowli mikroorganizm\u00f3w o podwy\u017cszonych wymaganiach pokarmowych. Wielko\u015b\u0107 opakowa\u0144: 20 p\u0142ytek<\/p>","protected":false},"featured_media":0,"template":"","meta":[],"product_brand":[],"product_cat":[104,97,78,80],"product_tag":[],"class_list":{"0":"post-3555","1":"product","2":"type-product","3":"status-publish","5":"product_cat-plytki-podloza-mikrobiologiczne-gotowe","6":"product_cat-podloza-gotowe-na-plytkach","7":"product_cat-podloza-mikrobiologiczne-gotowe","8":"product_cat-weterynaria","10":"first","11":"instock","12":"shipping-taxable","13":"product-type-simple"},"_links":{"self":[{"href":"https:\/\/www.btl.com.pl\/en\/wp-json\/wp\/v2\/product\/3555","targetHints":{"allow":["GET"]}}],"collection":[{"href":"https:\/\/www.btl.com.pl\/en\/wp-json\/wp\/v2\/product"}],"about":[{"href":"https:\/\/www.btl.com.pl\/en\/wp-json\/wp\/v2\/types\/product"}],"version-history":[{"count":1,"href":"https:\/\/www.btl.com.pl\/en\/wp-json\/wp\/v2\/product\/3555\/revisions"}],"predecessor-version":[{"id":3556,"href":"https:\/\/www.btl.com.pl\/en\/wp-json\/wp\/v2\/product\/3555\/revisions\/3556"}],"wp:attachment":[{"href":"https:\/\/www.btl.com.pl\/en\/wp-json\/wp\/v2\/media?parent=3555"}],"wp:term":[{"taxonomy":"product_brand","embeddable":true,"href":"https:\/\/www.btl.com.pl\/en\/wp-json\/wp\/v2\/product_brand?post=3555"},{"taxonomy":"product_cat","embeddable":true,"href":"https:\/\/www.btl.com.pl\/en\/wp-json\/wp\/v2\/product_cat?post=3555"},{"taxonomy":"product_tag","embeddable":true,"href":"https:\/\/www.btl.com.pl\/en\/wp-json\/wp\/v2\/product_tag?post=3555"}],"curies":[{"name":"wp","href":"https:\/\/api.w.org\/{rel}","templated":true}]}}