{"id":3545,"date":"2022-02-21T14:31:51","date_gmt":"2022-02-21T13:31:51","guid":{"rendered":"https:\/\/btl.com.pl\/?post_type=product&#038;p=3545"},"modified":"2022-03-28T20:33:35","modified_gmt":"2022-03-28T18:33:35","slug":"agar-kazeinowo-sojowy-z-ekstraktem-drozdzowym-tsyea-pp-0237","status":"publish","type":"product","link":"https:\/\/www.btl.com.pl\/en\/produkty\/weterynaria\/podloza-gotowe-na-plytkach\/agar-kazeinowo-sojowy-z-ekstraktem-drozdzowym-tsyea-pp-0237\/","title":{"rendered":"Agar kazeinowo \u2013 sojowy z ekstraktem dro\u017cd\u017cowym (TSYEA).   PP 0237"},"content":{"rendered":"<div>nr katalogowy: <b>PP 0237<\/b><\/div>\n<p>&nbsp;<\/p>\n<div>\n<p><strong>Zastosowanie:<\/strong><br \/>\nPod\u0142o\u017ce do hodowli i namna\u017cania drobnoustroj\u00f3w (w tym chorobotw\u00f3rczych) o podwy\u017cszonych wymaganiach pokarmowych np. <em>Listeria sp.<br \/>\n<\/em><strong>Wielko\u015b\u0107 opakowania:<br \/>\n<\/strong>20 p\u0142ytek<\/p>\n<\/div>","protected":false},"excerpt":{"rendered":"<p>nr katalogowy: PP 0237 &nbsp; Zastosowanie: Pod\u0142o\u017ce do hodowli i namna\u017cania drobnoustroj\u00f3w (w tym chorobotw\u00f3rczych) o podwy\u017cszonych wymaganiach pokarmowych np. Listeria sp. Wielko\u015b\u0107 opakowania: 20 p\u0142ytek<\/p>","protected":false},"featured_media":0,"template":"","meta":[],"product_brand":[],"product_cat":[104,97,78,80],"product_tag":[],"class_list":{"0":"post-3545","1":"product","2":"type-product","3":"status-publish","5":"product_cat-plytki-podloza-mikrobiologiczne-gotowe","6":"product_cat-podloza-gotowe-na-plytkach","7":"product_cat-podloza-mikrobiologiczne-gotowe","8":"product_cat-weterynaria","10":"first","11":"instock","12":"shipping-taxable","13":"product-type-simple"},"_links":{"self":[{"href":"https:\/\/www.btl.com.pl\/en\/wp-json\/wp\/v2\/product\/3545","targetHints":{"allow":["GET"]}}],"collection":[{"href":"https:\/\/www.btl.com.pl\/en\/wp-json\/wp\/v2\/product"}],"about":[{"href":"https:\/\/www.btl.com.pl\/en\/wp-json\/wp\/v2\/types\/product"}],"version-history":[{"count":1,"href":"https:\/\/www.btl.com.pl\/en\/wp-json\/wp\/v2\/product\/3545\/revisions"}],"predecessor-version":[{"id":3546,"href":"https:\/\/www.btl.com.pl\/en\/wp-json\/wp\/v2\/product\/3545\/revisions\/3546"}],"wp:attachment":[{"href":"https:\/\/www.btl.com.pl\/en\/wp-json\/wp\/v2\/media?parent=3545"}],"wp:term":[{"taxonomy":"product_brand","embeddable":true,"href":"https:\/\/www.btl.com.pl\/en\/wp-json\/wp\/v2\/product_brand?post=3545"},{"taxonomy":"product_cat","embeddable":true,"href":"https:\/\/www.btl.com.pl\/en\/wp-json\/wp\/v2\/product_cat?post=3545"},{"taxonomy":"product_tag","embeddable":true,"href":"https:\/\/www.btl.com.pl\/en\/wp-json\/wp\/v2\/product_tag?post=3545"}],"curies":[{"name":"wp","href":"https:\/\/api.w.org\/{rel}","templated":true}]}}