{"id":3539,"date":"2022-02-21T14:25:29","date_gmt":"2022-02-21T13:25:29","guid":{"rendered":"https:\/\/btl.com.pl\/?post_type=product&#038;p=3539"},"modified":"2022-03-28T19:45:55","modified_gmt":"2022-03-28T17:45:55","slug":"agar-endo-pp-0005","status":"publish","type":"product","link":"https:\/\/www.btl.com.pl\/en\/produkty\/weterynaria\/podloza-gotowe-na-plytkach\/agar-endo-pp-0005\/","title":{"rendered":"Agar Endo.  PP 0005"},"content":{"rendered":"<div>nr katalogowy: <b>PP 0005<\/b><\/div>\n<p>&nbsp;<\/p>\n<div>\n<p><strong>Zastosowanie:<\/strong><br \/>\nPod\u0142o\u017ce wybi\u00f3rcze do wykrywania i r\u00f3\u017cnicowania bakterii z grupy coli i <em>E.coli<\/em> w r\u00f3\u017cnych materia\u0142ach.<br \/>\n<strong>Wielko\u015b\u0107 opakowania:<\/strong><br \/>\n20 p\u0142ytek<\/p>\n<\/div>","protected":false},"excerpt":{"rendered":"<p>nr katalogowy: PP 0005 &nbsp; Zastosowanie: Pod\u0142o\u017ce wybi\u00f3rcze do wykrywania i r\u00f3\u017cnicowania bakterii z grupy coli i E.coli w r\u00f3\u017cnych materia\u0142ach. Wielko\u015b\u0107 opakowania: 20 p\u0142ytek<\/p>","protected":false},"featured_media":0,"template":"","meta":[],"product_brand":[],"product_cat":[104,97,78,80],"product_tag":[],"class_list":{"0":"post-3539","1":"product","2":"type-product","3":"status-publish","5":"product_cat-plytki-podloza-mikrobiologiczne-gotowe","6":"product_cat-podloza-gotowe-na-plytkach","7":"product_cat-podloza-mikrobiologiczne-gotowe","8":"product_cat-weterynaria","10":"first","11":"instock","12":"shipping-taxable","13":"product-type-simple"},"_links":{"self":[{"href":"https:\/\/www.btl.com.pl\/en\/wp-json\/wp\/v2\/product\/3539","targetHints":{"allow":["GET"]}}],"collection":[{"href":"https:\/\/www.btl.com.pl\/en\/wp-json\/wp\/v2\/product"}],"about":[{"href":"https:\/\/www.btl.com.pl\/en\/wp-json\/wp\/v2\/types\/product"}],"version-history":[{"count":1,"href":"https:\/\/www.btl.com.pl\/en\/wp-json\/wp\/v2\/product\/3539\/revisions"}],"predecessor-version":[{"id":3540,"href":"https:\/\/www.btl.com.pl\/en\/wp-json\/wp\/v2\/product\/3539\/revisions\/3540"}],"wp:attachment":[{"href":"https:\/\/www.btl.com.pl\/en\/wp-json\/wp\/v2\/media?parent=3539"}],"wp:term":[{"taxonomy":"product_brand","embeddable":true,"href":"https:\/\/www.btl.com.pl\/en\/wp-json\/wp\/v2\/product_brand?post=3539"},{"taxonomy":"product_cat","embeddable":true,"href":"https:\/\/www.btl.com.pl\/en\/wp-json\/wp\/v2\/product_cat?post=3539"},{"taxonomy":"product_tag","embeddable":true,"href":"https:\/\/www.btl.com.pl\/en\/wp-json\/wp\/v2\/product_tag?post=3539"}],"curies":[{"name":"wp","href":"https:\/\/api.w.org\/{rel}","templated":true}]}}