{"id":3537,"date":"2022-02-21T14:24:22","date_gmt":"2022-02-21T13:24:22","guid":{"rendered":"https:\/\/btl.com.pl\/?post_type=product&#038;p=3537"},"modified":"2022-03-28T20:31:56","modified_gmt":"2022-03-28T18:31:56","slug":"agar-dg-18-z-chloramfenikolem-pp-0223","status":"publish","type":"product","link":"https:\/\/www.btl.com.pl\/en\/produkty\/weterynaria\/podloza-gotowe-na-plytkach\/agar-dg-18-z-chloramfenikolem-pp-0223\/","title":{"rendered":"Agar DG 18 z chloramfenikolem.  PP 0223"},"content":{"rendered":"<div>nr katalogowy: <b>PP 0223<\/b><\/div>\n<p>&nbsp;<\/p>\n<div>\n<p><strong>Zastosowanie:<\/strong><br \/>\nPod\u0142o\u017ce do hodowli, izolacji i oznaczania liczebno\u015bci kserofilnych grzyb\u00f3w (dro\u017cd\u017cy i grzyb\u00f3w nitkowych) z \u017cywno\u015bci o obni\u017conej wilgotno\u015bci.<br \/>\n<strong>Wielko\u015b\u0107 opakowania<\/strong>:<br \/>\n20 p\u0142ytek<\/p>\n<\/div>","protected":false},"excerpt":{"rendered":"<p>nr katalogowy: PP 0223 &nbsp; Zastosowanie: Pod\u0142o\u017ce do hodowli, izolacji i oznaczania liczebno\u015bci kserofilnych grzyb\u00f3w (dro\u017cd\u017cy i grzyb\u00f3w nitkowych) z \u017cywno\u015bci o obni\u017conej wilgotno\u015bci. Wielko\u015b\u0107 opakowania: 20 p\u0142ytek<\/p>","protected":false},"featured_media":0,"template":"","meta":[],"product_brand":[],"product_cat":[104,97,78,80],"product_tag":[],"class_list":{"0":"post-3537","1":"product","2":"type-product","3":"status-publish","5":"product_cat-plytki-podloza-mikrobiologiczne-gotowe","6":"product_cat-podloza-gotowe-na-plytkach","7":"product_cat-podloza-mikrobiologiczne-gotowe","8":"product_cat-weterynaria","10":"first","11":"instock","12":"shipping-taxable","13":"product-type-simple"},"_links":{"self":[{"href":"https:\/\/www.btl.com.pl\/en\/wp-json\/wp\/v2\/product\/3537","targetHints":{"allow":["GET"]}}],"collection":[{"href":"https:\/\/www.btl.com.pl\/en\/wp-json\/wp\/v2\/product"}],"about":[{"href":"https:\/\/www.btl.com.pl\/en\/wp-json\/wp\/v2\/types\/product"}],"version-history":[{"count":1,"href":"https:\/\/www.btl.com.pl\/en\/wp-json\/wp\/v2\/product\/3537\/revisions"}],"predecessor-version":[{"id":3538,"href":"https:\/\/www.btl.com.pl\/en\/wp-json\/wp\/v2\/product\/3537\/revisions\/3538"}],"wp:attachment":[{"href":"https:\/\/www.btl.com.pl\/en\/wp-json\/wp\/v2\/media?parent=3537"}],"wp:term":[{"taxonomy":"product_brand","embeddable":true,"href":"https:\/\/www.btl.com.pl\/en\/wp-json\/wp\/v2\/product_brand?post=3537"},{"taxonomy":"product_cat","embeddable":true,"href":"https:\/\/www.btl.com.pl\/en\/wp-json\/wp\/v2\/product_cat?post=3537"},{"taxonomy":"product_tag","embeddable":true,"href":"https:\/\/www.btl.com.pl\/en\/wp-json\/wp\/v2\/product_tag?post=3537"}],"curies":[{"name":"wp","href":"https:\/\/api.w.org\/{rel}","templated":true}]}}