{"id":3533,"date":"2022-02-21T14:21:37","date_gmt":"2022-02-21T13:21:37","guid":{"rendered":"https:\/\/btl.com.pl\/?post_type=product&#038;p=3533"},"modified":"2022-03-28T20:27:06","modified_gmt":"2022-03-28T18:27:06","slug":"agar-columbia-5-kb-pp-0190kb","status":"publish","type":"product","link":"https:\/\/www.btl.com.pl\/en\/produkty\/weterynaria\/podloza-gotowe-na-plytkach\/agar-columbia-5-kb-pp-0190kb\/","title":{"rendered":"Agar Columbia + 5% KB.  PP 0190KB"},"content":{"rendered":"<p>nr katalogowy: <strong>PP 0190KB<\/strong><\/p>\n<p>&nbsp;<\/p>\n<p><strong>Zastosowanie:<\/strong><br \/>\nAgar\u00a0Columbia z krwi\u0105, obecno\u015b\u0107 krwi w pod\u0142o\u017cu niesie z sob\u0105 dodatkowwe czynniki wzrostowe dla mikroorganizm\u00f3w i jest podstaw\u0105 do okre\u015blania typu hemolizy charakterystycznej dla streptokok\u00f3w, gronkowc\u00f3w i innych mikroorganizm\u00f3w.<br \/>\n<strong>Wielko\u015b\u0107 opakowania:<br \/>\n<\/strong>20 p\u0142ytek<\/p>","protected":false},"excerpt":{"rendered":"<p>nr katalogowy: PP 0190KB &nbsp; Zastosowanie: Agar\u00a0Columbia z krwi\u0105, obecno\u015b\u0107 krwi w pod\u0142o\u017cu niesie z sob\u0105 dodatkowwe czynniki wzrostowe dla mikroorganizm\u00f3w i jest podstaw\u0105 do okre\u015blania typu hemolizy charakterystycznej dla streptokok\u00f3w, gronkowc\u00f3w i innych mikroorganizm\u00f3w. Wielko\u015b\u0107 opakowania: 20 p\u0142ytek<\/p>","protected":false},"featured_media":0,"template":"","meta":[],"product_brand":[],"product_cat":[104,97,78,80],"product_tag":[],"class_list":{"0":"post-3533","1":"product","2":"type-product","3":"status-publish","5":"product_cat-plytki-podloza-mikrobiologiczne-gotowe","6":"product_cat-podloza-gotowe-na-plytkach","7":"product_cat-podloza-mikrobiologiczne-gotowe","8":"product_cat-weterynaria","10":"first","11":"instock","12":"shipping-taxable","13":"product-type-simple"},"_links":{"self":[{"href":"https:\/\/www.btl.com.pl\/en\/wp-json\/wp\/v2\/product\/3533","targetHints":{"allow":["GET"]}}],"collection":[{"href":"https:\/\/www.btl.com.pl\/en\/wp-json\/wp\/v2\/product"}],"about":[{"href":"https:\/\/www.btl.com.pl\/en\/wp-json\/wp\/v2\/types\/product"}],"version-history":[{"count":1,"href":"https:\/\/www.btl.com.pl\/en\/wp-json\/wp\/v2\/product\/3533\/revisions"}],"predecessor-version":[{"id":3534,"href":"https:\/\/www.btl.com.pl\/en\/wp-json\/wp\/v2\/product\/3533\/revisions\/3534"}],"wp:attachment":[{"href":"https:\/\/www.btl.com.pl\/en\/wp-json\/wp\/v2\/media?parent=3533"}],"wp:term":[{"taxonomy":"product_brand","embeddable":true,"href":"https:\/\/www.btl.com.pl\/en\/wp-json\/wp\/v2\/product_brand?post=3533"},{"taxonomy":"product_cat","embeddable":true,"href":"https:\/\/www.btl.com.pl\/en\/wp-json\/wp\/v2\/product_cat?post=3533"},{"taxonomy":"product_tag","embeddable":true,"href":"https:\/\/www.btl.com.pl\/en\/wp-json\/wp\/v2\/product_tag?post=3533"}],"curies":[{"name":"wp","href":"https:\/\/api.w.org\/{rel}","templated":true}]}}