{"id":3531,"date":"2022-02-21T14:20:27","date_gmt":"2022-02-21T13:20:27","guid":{"rendered":"https:\/\/btl.com.pl\/?post_type=product&#038;p=3531"},"modified":"2022-03-28T20:25:22","modified_gmt":"2022-03-28T18:25:22","slug":"agar-columbia-pp-0190","status":"publish","type":"product","link":"https:\/\/www.btl.com.pl\/en\/produkty\/weterynaria\/podloza-gotowe-na-plytkach\/agar-columbia-pp-0190\/","title":{"rendered":"Agar Columbia.  PP 0190"},"content":{"rendered":"<div>nr katalogowy: <b>PP 0190<\/b><\/div>\n<p>&nbsp;<\/p>\n<div>\n<p><strong>Zastosowanie:<\/strong><br \/>\nPod\u0142o\u017ce do hodowli i izolacji drobnoustroj\u00f3w o podwy\u017cszonych wymaganiach pokarmowych z r\u00f3\u017cnych materia\u0142\u00f3w. Pod\u0142o\u017ce polecane, do hodowli i wykrywania przetrwalnikuj\u0105cych bakterii beztlenowych z rodzaju<em> Clostridium<\/em>, przez Farmakopee do badania czysto\u015bci mikrobiologicznej w surowcach przeznaczonych do produkcji lek\u00f3w, jak i w lekach gotowych.<br \/>\n<strong>Wielko\u015b\u0107 opakowania:<br \/>\n<\/strong>20 p\u0142ytek<\/p>\n<\/div>","protected":false},"excerpt":{"rendered":"<p>nr katalogowy: PP 0190 &nbsp; Zastosowanie: Pod\u0142o\u017ce do hodowli i izolacji drobnoustroj\u00f3w o podwy\u017cszonych wymaganiach pokarmowych z r\u00f3\u017cnych materia\u0142\u00f3w. Pod\u0142o\u017ce polecane, do hodowli i wykrywania przetrwalnikuj\u0105cych bakterii beztlenowych z rodzaju Clostridium, przez Farmakopee do badania czysto\u015bci mikrobiologicznej w surowcach przeznaczonych do produkcji lek\u00f3w, jak i w lekach gotowych. Wielko\u015b\u0107 opakowania: 20 p\u0142ytek<\/p>","protected":false},"featured_media":0,"template":"","meta":[],"product_brand":[],"product_cat":[104,97,78,80],"product_tag":[],"class_list":{"0":"post-3531","1":"product","2":"type-product","3":"status-publish","5":"product_cat-plytki-podloza-mikrobiologiczne-gotowe","6":"product_cat-podloza-gotowe-na-plytkach","7":"product_cat-podloza-mikrobiologiczne-gotowe","8":"product_cat-weterynaria","10":"first","11":"instock","12":"shipping-taxable","13":"product-type-simple"},"_links":{"self":[{"href":"https:\/\/www.btl.com.pl\/en\/wp-json\/wp\/v2\/product\/3531","targetHints":{"allow":["GET"]}}],"collection":[{"href":"https:\/\/www.btl.com.pl\/en\/wp-json\/wp\/v2\/product"}],"about":[{"href":"https:\/\/www.btl.com.pl\/en\/wp-json\/wp\/v2\/types\/product"}],"version-history":[{"count":1,"href":"https:\/\/www.btl.com.pl\/en\/wp-json\/wp\/v2\/product\/3531\/revisions"}],"predecessor-version":[{"id":3532,"href":"https:\/\/www.btl.com.pl\/en\/wp-json\/wp\/v2\/product\/3531\/revisions\/3532"}],"wp:attachment":[{"href":"https:\/\/www.btl.com.pl\/en\/wp-json\/wp\/v2\/media?parent=3531"}],"wp:term":[{"taxonomy":"product_brand","embeddable":true,"href":"https:\/\/www.btl.com.pl\/en\/wp-json\/wp\/v2\/product_brand?post=3531"},{"taxonomy":"product_cat","embeddable":true,"href":"https:\/\/www.btl.com.pl\/en\/wp-json\/wp\/v2\/product_cat?post=3531"},{"taxonomy":"product_tag","embeddable":true,"href":"https:\/\/www.btl.com.pl\/en\/wp-json\/wp\/v2\/product_tag?post=3531"}],"curies":[{"name":"wp","href":"https:\/\/api.w.org\/{rel}","templated":true}]}}