{"id":3525,"date":"2022-02-21T01:01:54","date_gmt":"2022-02-21T00:01:54","guid":{"rendered":"https:\/\/btl.com.pl\/?post_type=product&#038;p=3525"},"modified":"2022-02-21T01:01:55","modified_gmt":"2022-02-21T00:01:55","slug":"agar-blood-5-kb-pp-0207kb","status":"publish","type":"product","link":"https:\/\/www.btl.com.pl\/en\/produkty\/podloza-mikrobiologiczne-gotowe\/plytki-podloza-mikrobiologiczne-gotowe\/agar-blood-5-kb-pp-0207kb\/","title":{"rendered":"Agar Blood + 5% KB.  PP 0207KB"},"content":{"rendered":"<div>nr katalogowy: <b>PP 0207KB<\/b><\/div>\n<p>&nbsp;<\/p>\n<div>\n<p><strong>Zastosowanie:<\/strong><br \/>\nPod\u0142o\u017ce z krwi\u0105 stosowane do izolacji i hodowli drobnoustroj\u00f3w o wysokich wymaganiach pokarmowych &#8211; szczeg\u00f3lnie chorobotw\u00f3rczych oraz okre\u015blania typu hemolizy.<br \/>\n<strong>Wielko\u015b\u0107 opakowania:<\/strong><br \/>\n20 p\u0142ytek<\/p>\n<\/div>","protected":false},"excerpt":{"rendered":"<p>nr katalogowy: PP 0207KB &nbsp; Zastosowanie: Pod\u0142o\u017ce z krwi\u0105 stosowane do izolacji i hodowli drobnoustroj\u00f3w o wysokich wymaganiach pokarmowych &#8211; szczeg\u00f3lnie chorobotw\u00f3rczych oraz okre\u015blania typu hemolizy. Wielko\u015b\u0107 opakowania: 20 p\u0142ytek<\/p>","protected":false},"featured_media":0,"template":"","meta":[],"product_brand":[],"product_cat":[104,78],"product_tag":[],"class_list":{"0":"post-3525","1":"product","2":"type-product","3":"status-publish","5":"product_cat-plytki-podloza-mikrobiologiczne-gotowe","6":"product_cat-podloza-mikrobiologiczne-gotowe","8":"first","9":"instock","10":"shipping-taxable","11":"product-type-simple"},"_links":{"self":[{"href":"https:\/\/www.btl.com.pl\/en\/wp-json\/wp\/v2\/product\/3525","targetHints":{"allow":["GET"]}}],"collection":[{"href":"https:\/\/www.btl.com.pl\/en\/wp-json\/wp\/v2\/product"}],"about":[{"href":"https:\/\/www.btl.com.pl\/en\/wp-json\/wp\/v2\/types\/product"}],"version-history":[{"count":1,"href":"https:\/\/www.btl.com.pl\/en\/wp-json\/wp\/v2\/product\/3525\/revisions"}],"predecessor-version":[{"id":3526,"href":"https:\/\/www.btl.com.pl\/en\/wp-json\/wp\/v2\/product\/3525\/revisions\/3526"}],"wp:attachment":[{"href":"https:\/\/www.btl.com.pl\/en\/wp-json\/wp\/v2\/media?parent=3525"}],"wp:term":[{"taxonomy":"product_brand","embeddable":true,"href":"https:\/\/www.btl.com.pl\/en\/wp-json\/wp\/v2\/product_brand?post=3525"},{"taxonomy":"product_cat","embeddable":true,"href":"https:\/\/www.btl.com.pl\/en\/wp-json\/wp\/v2\/product_cat?post=3525"},{"taxonomy":"product_tag","embeddable":true,"href":"https:\/\/www.btl.com.pl\/en\/wp-json\/wp\/v2\/product_tag?post=3525"}],"curies":[{"name":"wp","href":"https:\/\/api.w.org\/{rel}","templated":true}]}}