{"id":3521,"date":"2022-02-21T00:51:04","date_gmt":"2022-02-20T23:51:04","guid":{"rendered":"https:\/\/btl.com.pl\/?post_type=product&#038;p=3521"},"modified":"2022-03-28T20:10:47","modified_gmt":"2022-03-28T18:10:47","slug":"agar-bga-brilliant-green-agar-pp-0052","status":"publish","type":"product","link":"https:\/\/www.btl.com.pl\/en\/produkty\/weterynaria\/podloza-gotowe-na-plytkach\/agar-bga-brilliant-green-agar-pp-0052\/","title":{"rendered":"Agar BGA (Brilliant Green Agar).  PP 0052"},"content":{"rendered":"<div>nr katalogowy: <b>PP 0052<\/b><\/div>\n<p>&nbsp;<\/p>\n<div>\n<p><strong>Zastosowanie:<\/strong><br \/>\nPod\u0142o\u017ce wybi\u00f3rcze do izolacji i wykrywania pa\u0142eczek <em>Salmonella<\/em> (poza <em>S. typhi<\/em>\u00a0 i <em>S. paratyphi<\/em>) z produkt\u00f3w spo\u017cywczych.<br \/>\n<strong>Wielko\u015b\u0107 opakowania:<\/strong><br \/>\n20 p\u0142ytek<\/p>\n<\/div>","protected":false},"excerpt":{"rendered":"<p>nr katalogowy: PP 0052 &nbsp; Zastosowanie: Pod\u0142o\u017ce wybi\u00f3rcze do izolacji i wykrywania pa\u0142eczek Salmonella (poza S. typhi\u00a0 i S. paratyphi) z produkt\u00f3w spo\u017cywczych. Wielko\u015b\u0107 opakowania: 20 p\u0142ytek<\/p>","protected":false},"featured_media":0,"template":"","meta":[],"product_brand":[],"product_cat":[104,97,78,80],"product_tag":[],"class_list":{"0":"post-3521","1":"product","2":"type-product","3":"status-publish","5":"product_cat-plytki-podloza-mikrobiologiczne-gotowe","6":"product_cat-podloza-gotowe-na-plytkach","7":"product_cat-podloza-mikrobiologiczne-gotowe","8":"product_cat-weterynaria","10":"first","11":"instock","12":"shipping-taxable","13":"product-type-simple"},"_links":{"self":[{"href":"https:\/\/www.btl.com.pl\/en\/wp-json\/wp\/v2\/product\/3521","targetHints":{"allow":["GET"]}}],"collection":[{"href":"https:\/\/www.btl.com.pl\/en\/wp-json\/wp\/v2\/product"}],"about":[{"href":"https:\/\/www.btl.com.pl\/en\/wp-json\/wp\/v2\/types\/product"}],"version-history":[{"count":1,"href":"https:\/\/www.btl.com.pl\/en\/wp-json\/wp\/v2\/product\/3521\/revisions"}],"predecessor-version":[{"id":3522,"href":"https:\/\/www.btl.com.pl\/en\/wp-json\/wp\/v2\/product\/3521\/revisions\/3522"}],"wp:attachment":[{"href":"https:\/\/www.btl.com.pl\/en\/wp-json\/wp\/v2\/media?parent=3521"}],"wp:term":[{"taxonomy":"product_brand","embeddable":true,"href":"https:\/\/www.btl.com.pl\/en\/wp-json\/wp\/v2\/product_brand?post=3521"},{"taxonomy":"product_cat","embeddable":true,"href":"https:\/\/www.btl.com.pl\/en\/wp-json\/wp\/v2\/product_cat?post=3521"},{"taxonomy":"product_tag","embeddable":true,"href":"https:\/\/www.btl.com.pl\/en\/wp-json\/wp\/v2\/product_tag?post=3521"}],"curies":[{"name":"wp","href":"https:\/\/api.w.org\/{rel}","templated":true}]}}