{"id":3519,"date":"2022-02-21T00:49:28","date_gmt":"2022-02-20T23:49:28","guid":{"rendered":"https:\/\/btl.com.pl\/?post_type=product&#038;p=3519"},"modified":"2022-03-28T20:52:11","modified_gmt":"2022-03-28T18:52:11","slug":"agar-baird-parker-pp-0026","status":"publish","type":"product","link":"https:\/\/www.btl.com.pl\/en\/produkty\/weterynaria\/podloza-gotowe-na-plytkach\/agar-baird-parker-pp-0026\/","title":{"rendered":"Agar Baird-Parker.  PP 0026"},"content":{"rendered":"<div>nr katalogowy: <b>PP 0026<\/b><\/div>\n<p>&nbsp;<\/p>\n<div>\n<p><strong>Zastosowanie:<\/strong><br \/>\nPod\u0142o\u017ce do izolacji i r\u00f3\u017cnicowania gronkowc\u00f3w, szczeg\u00f3lnie <em>Staphylococcus aureus<\/em> w produktach spo\u017cywczych i innych materia\u0142ach.<br \/>\n<strong>Wielko\u015b\u0107 opakowania:<br \/>\n<\/strong>20 p\u0142ytek<\/p>\n<\/div>","protected":false},"excerpt":{"rendered":"<p>nr katalogowy: PP 0026 &nbsp; Zastosowanie: Pod\u0142o\u017ce do izolacji i r\u00f3\u017cnicowania gronkowc\u00f3w, szczeg\u00f3lnie Staphylococcus aureus w produktach spo\u017cywczych i innych materia\u0142ach. Wielko\u015b\u0107 opakowania: 20 p\u0142ytek<\/p>","protected":false},"featured_media":0,"template":"","meta":[],"product_brand":[],"product_cat":[104,97,78,80],"product_tag":[],"class_list":{"0":"post-3519","1":"product","2":"type-product","3":"status-publish","5":"product_cat-plytki-podloza-mikrobiologiczne-gotowe","6":"product_cat-podloza-gotowe-na-plytkach","7":"product_cat-podloza-mikrobiologiczne-gotowe","8":"product_cat-weterynaria","10":"first","11":"instock","12":"shipping-taxable","13":"product-type-simple"},"_links":{"self":[{"href":"https:\/\/www.btl.com.pl\/en\/wp-json\/wp\/v2\/product\/3519","targetHints":{"allow":["GET"]}}],"collection":[{"href":"https:\/\/www.btl.com.pl\/en\/wp-json\/wp\/v2\/product"}],"about":[{"href":"https:\/\/www.btl.com.pl\/en\/wp-json\/wp\/v2\/types\/product"}],"version-history":[{"count":1,"href":"https:\/\/www.btl.com.pl\/en\/wp-json\/wp\/v2\/product\/3519\/revisions"}],"predecessor-version":[{"id":3520,"href":"https:\/\/www.btl.com.pl\/en\/wp-json\/wp\/v2\/product\/3519\/revisions\/3520"}],"wp:attachment":[{"href":"https:\/\/www.btl.com.pl\/en\/wp-json\/wp\/v2\/media?parent=3519"}],"wp:term":[{"taxonomy":"product_brand","embeddable":true,"href":"https:\/\/www.btl.com.pl\/en\/wp-json\/wp\/v2\/product_brand?post=3519"},{"taxonomy":"product_cat","embeddable":true,"href":"https:\/\/www.btl.com.pl\/en\/wp-json\/wp\/v2\/product_cat?post=3519"},{"taxonomy":"product_tag","embeddable":true,"href":"https:\/\/www.btl.com.pl\/en\/wp-json\/wp\/v2\/product_tag?post=3519"}],"curies":[{"name":"wp","href":"https:\/\/api.w.org\/{rel}","templated":true}]}}