{"id":3504,"date":"2022-02-21T00:22:23","date_gmt":"2022-02-20T23:22:23","guid":{"rendered":"https:\/\/btl.com.pl\/?post_type=product&#038;p=3504"},"modified":"2022-02-21T00:22:24","modified_gmt":"2022-02-20T23:22:24","slug":"zbuforowana-woda-peptonowa-pwp-0039","status":"publish","type":"product","link":"https:\/\/www.btl.com.pl\/en\/produkty\/podloza-mikrobiologiczne-gotowe\/probowki-podloza-mikrobiologiczne-gotowe\/zbuforowana-woda-peptonowa-pwp-0039\/","title":{"rendered":"Zbuforowana woda peptonowa.  PwP-0039"},"content":{"rendered":"<div>nr katalogowy: <b>PwP-0039<\/b><\/div>\n<p>&nbsp;<\/p>\n<div>\n<p><strong>Zastosowanie:<br \/>\n<\/strong>Pod\u0142o\u017ce do wst\u0119pnego nieselektywnego namna\u017cania bakterii, szczeg\u00f3lnie chorobotw\u00f3rczych <em>Enterobacteriaceae<\/em> z produkt\u00f3w \u017cywno\u015bciowych i innych materia\u0142\u00f3w.<br \/>\n<strong>Wielko\u015b\u0107 opakowania:<br \/>\n<\/strong>40\u00a0prob\u00f3wek x 9 ml<\/p>\n<\/div>","protected":false},"excerpt":{"rendered":"<p>nr katalogowy: PwP-0039 &nbsp; Zastosowanie: Pod\u0142o\u017ce do wst\u0119pnego nieselektywnego namna\u017cania bakterii, szczeg\u00f3lnie chorobotw\u00f3rczych Enterobacteriaceae z produkt\u00f3w \u017cywno\u015bciowych i innych materia\u0142\u00f3w. Wielko\u015b\u0107 opakowania: 40\u00a0prob\u00f3wek x 9 ml<\/p>","protected":false},"featured_media":0,"template":"","meta":[],"product_brand":[],"product_cat":[78,103],"product_tag":[],"class_list":{"0":"post-3504","1":"product","2":"type-product","3":"status-publish","5":"product_cat-podloza-mikrobiologiczne-gotowe","6":"product_cat-probowki-podloza-mikrobiologiczne-gotowe","8":"first","9":"instock","10":"shipping-taxable","11":"product-type-simple"},"_links":{"self":[{"href":"https:\/\/www.btl.com.pl\/en\/wp-json\/wp\/v2\/product\/3504","targetHints":{"allow":["GET"]}}],"collection":[{"href":"https:\/\/www.btl.com.pl\/en\/wp-json\/wp\/v2\/product"}],"about":[{"href":"https:\/\/www.btl.com.pl\/en\/wp-json\/wp\/v2\/types\/product"}],"version-history":[{"count":1,"href":"https:\/\/www.btl.com.pl\/en\/wp-json\/wp\/v2\/product\/3504\/revisions"}],"predecessor-version":[{"id":3505,"href":"https:\/\/www.btl.com.pl\/en\/wp-json\/wp\/v2\/product\/3504\/revisions\/3505"}],"wp:attachment":[{"href":"https:\/\/www.btl.com.pl\/en\/wp-json\/wp\/v2\/media?parent=3504"}],"wp:term":[{"taxonomy":"product_brand","embeddable":true,"href":"https:\/\/www.btl.com.pl\/en\/wp-json\/wp\/v2\/product_brand?post=3504"},{"taxonomy":"product_cat","embeddable":true,"href":"https:\/\/www.btl.com.pl\/en\/wp-json\/wp\/v2\/product_cat?post=3504"},{"taxonomy":"product_tag","embeddable":true,"href":"https:\/\/www.btl.com.pl\/en\/wp-json\/wp\/v2\/product_tag?post=3504"}],"curies":[{"name":"wp","href":"https:\/\/api.w.org\/{rel}","templated":true}]}}