{"id":3498,"date":"2022-02-21T00:16:23","date_gmt":"2022-02-20T23:16:23","guid":{"rendered":"https:\/\/btl.com.pl\/?post_type=product&#038;p=3498"},"modified":"2022-02-21T00:16:24","modified_gmt":"2022-02-20T23:16:24","slug":"woda-peptonowa-z-laktoza-rurki-durhama-pwp-0226","status":"publish","type":"product","link":"https:\/\/www.btl.com.pl\/en\/produkty\/podloza-mikrobiologiczne-gotowe\/probowki-podloza-mikrobiologiczne-gotowe\/woda-peptonowa-z-laktoza-rurki-durhama-pwp-0226\/","title":{"rendered":"Woda peptonowa z laktoz\u0105 + rurki Durhama.  PwP-0226"},"content":{"rendered":"<div>nr katalogowy: <b>PwP-0226<\/b><\/div>\n<p>&nbsp;<\/p>\n<div>\n<p><strong>Zastosowanie:<\/strong><br \/>\nPod\u0142o\u017ce do wykrywania zdolno\u015bci fermentacji laktozy, stosowane przy diagnostyce bakterii z rodziny <em>Enterobacteriaceae<\/em>. Pod\u0142o\u017ce polecane jest szczeg\u00f3lnie przy analizie wody.<br \/>\n<strong>Wielko\u015b\u0107 opakowania:<\/strong><br \/>\n40\u00a0prob\u00f3wek x 7 ml<\/p>\n<\/div>","protected":false},"excerpt":{"rendered":"<p>nr katalogowy: PwP-0226 &nbsp; Zastosowanie: Pod\u0142o\u017ce do wykrywania zdolno\u015bci fermentacji laktozy, stosowane przy diagnostyce bakterii z rodziny Enterobacteriaceae. Pod\u0142o\u017ce polecane jest szczeg\u00f3lnie przy analizie wody. Wielko\u015b\u0107 opakowania: 40\u00a0prob\u00f3wek x 7 ml<\/p>","protected":false},"featured_media":0,"template":"","meta":[],"product_brand":[],"product_cat":[78,103],"product_tag":[],"class_list":{"0":"post-3498","1":"product","2":"type-product","3":"status-publish","5":"product_cat-podloza-mikrobiologiczne-gotowe","6":"product_cat-probowki-podloza-mikrobiologiczne-gotowe","8":"first","9":"instock","10":"shipping-taxable","11":"product-type-simple"},"_links":{"self":[{"href":"https:\/\/www.btl.com.pl\/en\/wp-json\/wp\/v2\/product\/3498","targetHints":{"allow":["GET"]}}],"collection":[{"href":"https:\/\/www.btl.com.pl\/en\/wp-json\/wp\/v2\/product"}],"about":[{"href":"https:\/\/www.btl.com.pl\/en\/wp-json\/wp\/v2\/types\/product"}],"version-history":[{"count":1,"href":"https:\/\/www.btl.com.pl\/en\/wp-json\/wp\/v2\/product\/3498\/revisions"}],"predecessor-version":[{"id":3499,"href":"https:\/\/www.btl.com.pl\/en\/wp-json\/wp\/v2\/product\/3498\/revisions\/3499"}],"wp:attachment":[{"href":"https:\/\/www.btl.com.pl\/en\/wp-json\/wp\/v2\/media?parent=3498"}],"wp:term":[{"taxonomy":"product_brand","embeddable":true,"href":"https:\/\/www.btl.com.pl\/en\/wp-json\/wp\/v2\/product_brand?post=3498"},{"taxonomy":"product_cat","embeddable":true,"href":"https:\/\/www.btl.com.pl\/en\/wp-json\/wp\/v2\/product_cat?post=3498"},{"taxonomy":"product_tag","embeddable":true,"href":"https:\/\/www.btl.com.pl\/en\/wp-json\/wp\/v2\/product_tag?post=3498"}],"curies":[{"name":"wp","href":"https:\/\/api.w.org\/{rel}","templated":true}]}}