{"id":3492,"date":"2022-02-21T00:12:03","date_gmt":"2022-02-20T23:12:03","guid":{"rendered":"https:\/\/btl.com.pl\/?post_type=product&#038;p=3492"},"modified":"2022-02-21T00:12:04","modified_gmt":"2022-02-20T23:12:04","slug":"roztwor-buforowy-z-peptonem-o-ph-7-pwp-0172","status":"publish","type":"product","link":"https:\/\/www.btl.com.pl\/en\/produkty\/podloza-mikrobiologiczne-gotowe\/probowki-podloza-mikrobiologiczne-gotowe\/roztwor-buforowy-z-peptonem-o-ph-7-pwp-0172\/","title":{"rendered":"Roztw\u00f3r buforowy z peptonem o pH 7.  PwP-0172"},"content":{"rendered":"<div>nr katalogowy: <b>PwP-0172<\/b><\/div>\n<p>&nbsp;<\/p>\n<div>\n<p><strong>Zastosowanie:<br \/>\n<\/strong>Stosowany przy badaniu czysto\u015bci mikrobiologicznej surowc\u00f3w i preparat\u00f3w farmaceutycznych oraz innych materia\u0142ach.<br \/>\n<strong>Wielko\u015b\u0107 opakowania:<br \/>\n<\/strong>40 prob\u00f3wek x 9 ml<\/p>\n<\/div>","protected":false},"excerpt":{"rendered":"<p>nr katalogowy: PwP-0172 &nbsp; Zastosowanie: Stosowany przy badaniu czysto\u015bci mikrobiologicznej surowc\u00f3w i preparat\u00f3w farmaceutycznych oraz innych materia\u0142ach. Wielko\u015b\u0107 opakowania: 40 prob\u00f3wek x 9 ml<\/p>","protected":false},"featured_media":0,"template":"","meta":[],"product_brand":[],"product_cat":[78,103],"product_tag":[],"class_list":{"0":"post-3492","1":"product","2":"type-product","3":"status-publish","5":"product_cat-podloza-mikrobiologiczne-gotowe","6":"product_cat-probowki-podloza-mikrobiologiczne-gotowe","8":"first","9":"instock","10":"shipping-taxable","11":"product-type-simple"},"_links":{"self":[{"href":"https:\/\/www.btl.com.pl\/en\/wp-json\/wp\/v2\/product\/3492","targetHints":{"allow":["GET"]}}],"collection":[{"href":"https:\/\/www.btl.com.pl\/en\/wp-json\/wp\/v2\/product"}],"about":[{"href":"https:\/\/www.btl.com.pl\/en\/wp-json\/wp\/v2\/types\/product"}],"version-history":[{"count":1,"href":"https:\/\/www.btl.com.pl\/en\/wp-json\/wp\/v2\/product\/3492\/revisions"}],"predecessor-version":[{"id":3493,"href":"https:\/\/www.btl.com.pl\/en\/wp-json\/wp\/v2\/product\/3492\/revisions\/3493"}],"wp:attachment":[{"href":"https:\/\/www.btl.com.pl\/en\/wp-json\/wp\/v2\/media?parent=3492"}],"wp:term":[{"taxonomy":"product_brand","embeddable":true,"href":"https:\/\/www.btl.com.pl\/en\/wp-json\/wp\/v2\/product_brand?post=3492"},{"taxonomy":"product_cat","embeddable":true,"href":"https:\/\/www.btl.com.pl\/en\/wp-json\/wp\/v2\/product_cat?post=3492"},{"taxonomy":"product_tag","embeddable":true,"href":"https:\/\/www.btl.com.pl\/en\/wp-json\/wp\/v2\/product_tag?post=3492"}],"curies":[{"name":"wp","href":"https:\/\/api.w.org\/{rel}","templated":true}]}}