{"id":3490,"date":"2022-02-21T00:10:41","date_gmt":"2022-02-20T23:10:41","guid":{"rendered":"https:\/\/btl.com.pl\/?post_type=product&#038;p=3490"},"modified":"2022-02-21T00:10:42","modified_gmt":"2022-02-20T23:10:42","slug":"pozywka-tsa-tryptone-soja-agar-skosy-pwp-0090","status":"publish","type":"product","link":"https:\/\/www.btl.com.pl\/en\/produkty\/podloza-mikrobiologiczne-gotowe\/probowki-podloza-mikrobiologiczne-gotowe\/pozywka-tsa-tryptone-soja-agar-skosy-pwp-0090\/","title":{"rendered":"Po\u017cywka TSA (tryptone-soja-agar), skosy.  PwP-0090"},"content":{"rendered":"<div>nr katalogowy: <b>PwP-0090<\/b><\/div>\n<p>&nbsp;<\/p>\n<div>\n<p><strong>Zastosowanie:<\/strong><br \/>\nPod\u0142o\u017ce uniwersalne do hodowli mikroorganizm\u00f3w.<br \/>\n<strong>Wielko\u015b\u0107 opakowania:<\/strong><br \/>\n40\u00a0prob\u00f3wek x 7 ml<\/p>\n<\/div>","protected":false},"excerpt":{"rendered":"<p>nr katalogowy: PwP-0090 &nbsp; Zastosowanie: Pod\u0142o\u017ce uniwersalne do hodowli mikroorganizm\u00f3w. Wielko\u015b\u0107 opakowania: 40\u00a0prob\u00f3wek x 7 ml<\/p>","protected":false},"featured_media":0,"template":"","meta":[],"product_brand":[],"product_cat":[78,103],"product_tag":[],"class_list":{"0":"post-3490","1":"product","2":"type-product","3":"status-publish","5":"product_cat-podloza-mikrobiologiczne-gotowe","6":"product_cat-probowki-podloza-mikrobiologiczne-gotowe","8":"first","9":"instock","10":"shipping-taxable","11":"product-type-simple"},"_links":{"self":[{"href":"https:\/\/www.btl.com.pl\/en\/wp-json\/wp\/v2\/product\/3490","targetHints":{"allow":["GET"]}}],"collection":[{"href":"https:\/\/www.btl.com.pl\/en\/wp-json\/wp\/v2\/product"}],"about":[{"href":"https:\/\/www.btl.com.pl\/en\/wp-json\/wp\/v2\/types\/product"}],"version-history":[{"count":1,"href":"https:\/\/www.btl.com.pl\/en\/wp-json\/wp\/v2\/product\/3490\/revisions"}],"predecessor-version":[{"id":3491,"href":"https:\/\/www.btl.com.pl\/en\/wp-json\/wp\/v2\/product\/3490\/revisions\/3491"}],"wp:attachment":[{"href":"https:\/\/www.btl.com.pl\/en\/wp-json\/wp\/v2\/media?parent=3490"}],"wp:term":[{"taxonomy":"product_brand","embeddable":true,"href":"https:\/\/www.btl.com.pl\/en\/wp-json\/wp\/v2\/product_brand?post=3490"},{"taxonomy":"product_cat","embeddable":true,"href":"https:\/\/www.btl.com.pl\/en\/wp-json\/wp\/v2\/product_cat?post=3490"},{"taxonomy":"product_tag","embeddable":true,"href":"https:\/\/www.btl.com.pl\/en\/wp-json\/wp\/v2\/product_tag?post=3490"}],"curies":[{"name":"wp","href":"https:\/\/api.w.org\/{rel}","templated":true}]}}