{"id":3488,"date":"2022-02-20T23:59:06","date_gmt":"2022-02-20T22:59:06","guid":{"rendered":"https:\/\/btl.com.pl\/?post_type=product&#038;p=3488"},"modified":"2022-02-20T23:59:06","modified_gmt":"2022-02-20T22:59:06","slug":"pozywka-simmonsa-skosy-pwp-0103","status":"publish","type":"product","link":"https:\/\/www.btl.com.pl\/en\/produkty\/podloza-mikrobiologiczne-gotowe\/probowki-podloza-mikrobiologiczne-gotowe\/pozywka-simmonsa-skosy-pwp-0103\/","title":{"rendered":"Po\u017cywka Simmonsa, skosy.  PwP-0103"},"content":{"rendered":"<div>nr katalogowy: <b>PwP-0103<\/b><\/div>\n<p>&nbsp;<\/p>\n<div>\n<p><strong>Zastosowanie:<\/strong><br \/>\nPod\u0142o\u017ce stosowane do stwierdzania zdolno\u015bci wykorzystywania cytrynianu jako jedynego \u017ar\u00f3d\u0142a w\u0119gla, szczeg\u00f3lnie do identyfikacji bakterii z rodziny <em>Enterobacteriaceae.<br \/>\n<\/em><strong>Wielko\u015b\u0107 opakowania:<\/strong><br \/>\n40 prob\u00f3wek x 7 ml<\/p>\n<\/div>","protected":false},"excerpt":{"rendered":"<p>nr katalogowy: PwP-0103 &nbsp; Zastosowanie: Pod\u0142o\u017ce stosowane do stwierdzania zdolno\u015bci wykorzystywania cytrynianu jako jedynego \u017ar\u00f3d\u0142a w\u0119gla, szczeg\u00f3lnie do identyfikacji bakterii z rodziny Enterobacteriaceae. Wielko\u015b\u0107 opakowania: 40 prob\u00f3wek x 7 ml<\/p>","protected":false},"featured_media":0,"template":"","meta":[],"product_brand":[],"product_cat":[78,103],"product_tag":[],"class_list":{"0":"post-3488","1":"product","2":"type-product","3":"status-publish","5":"product_cat-podloza-mikrobiologiczne-gotowe","6":"product_cat-probowki-podloza-mikrobiologiczne-gotowe","8":"first","9":"instock","10":"shipping-taxable","11":"product-type-simple"},"_links":{"self":[{"href":"https:\/\/www.btl.com.pl\/en\/wp-json\/wp\/v2\/product\/3488","targetHints":{"allow":["GET"]}}],"collection":[{"href":"https:\/\/www.btl.com.pl\/en\/wp-json\/wp\/v2\/product"}],"about":[{"href":"https:\/\/www.btl.com.pl\/en\/wp-json\/wp\/v2\/types\/product"}],"version-history":[{"count":1,"href":"https:\/\/www.btl.com.pl\/en\/wp-json\/wp\/v2\/product\/3488\/revisions"}],"predecessor-version":[{"id":3489,"href":"https:\/\/www.btl.com.pl\/en\/wp-json\/wp\/v2\/product\/3488\/revisions\/3489"}],"wp:attachment":[{"href":"https:\/\/www.btl.com.pl\/en\/wp-json\/wp\/v2\/media?parent=3488"}],"wp:term":[{"taxonomy":"product_brand","embeddable":true,"href":"https:\/\/www.btl.com.pl\/en\/wp-json\/wp\/v2\/product_brand?post=3488"},{"taxonomy":"product_cat","embeddable":true,"href":"https:\/\/www.btl.com.pl\/en\/wp-json\/wp\/v2\/product_cat?post=3488"},{"taxonomy":"product_tag","embeddable":true,"href":"https:\/\/www.btl.com.pl\/en\/wp-json\/wp\/v2\/product_tag?post=3488"}],"curies":[{"name":"wp","href":"https:\/\/api.w.org\/{rel}","templated":true}]}}