{"id":3484,"date":"2022-02-20T23:55:48","date_gmt":"2022-02-20T22:55:48","guid":{"rendered":"https:\/\/btl.com.pl\/?post_type=product&#038;p=3484"},"modified":"2022-02-20T23:55:49","modified_gmt":"2022-02-20T22:55:49","slug":"pozywka-rappaport-vassiliadis-r-v-pwp-0060","status":"publish","type":"product","link":"https:\/\/www.btl.com.pl\/en\/produkty\/podloza-mikrobiologiczne-gotowe\/probowki-podloza-mikrobiologiczne-gotowe\/pozywka-rappaport-vassiliadis-r-v-pwp-0060\/","title":{"rendered":"Po\u017cywka Rappaport-Vassiliadis (R-V).  PwP-0060"},"content":{"rendered":"<div>nr katalogowy: <b>PwP-0060<\/b><\/div>\n<p>&nbsp;<\/p>\n<div>\n<p><strong>Zastosowanie:<\/strong><br \/>\nPod\u0142o\u017ce do wybi\u00f3rczego namna\u017cania <em>Salmonella sp<\/em>. (z wyj\u0105tkiem <em>S.typhi<\/em>) z produkt\u00f3w spo\u017cywczych, ka\u0142u i innych materia\u0142\u00f3w.<br \/>\n<strong>Wielko\u015b\u0107 opakowania:<br \/>\n<\/strong>40 prob\u00f3wek x 10 ml<\/p>\n<\/div>","protected":false},"excerpt":{"rendered":"<p>nr katalogowy: PwP-0060 &nbsp; Zastosowanie: Pod\u0142o\u017ce do wybi\u00f3rczego namna\u017cania Salmonella sp. (z wyj\u0105tkiem S.typhi) z produkt\u00f3w spo\u017cywczych, ka\u0142u i innych materia\u0142\u00f3w. Wielko\u015b\u0107 opakowania: 40 prob\u00f3wek x 10 ml<\/p>","protected":false},"featured_media":0,"template":"","meta":[],"product_brand":[],"product_cat":[78,103],"product_tag":[],"class_list":{"0":"post-3484","1":"product","2":"type-product","3":"status-publish","5":"product_cat-podloza-mikrobiologiczne-gotowe","6":"product_cat-probowki-podloza-mikrobiologiczne-gotowe","8":"first","9":"instock","10":"shipping-taxable","11":"product-type-simple"},"_links":{"self":[{"href":"https:\/\/www.btl.com.pl\/en\/wp-json\/wp\/v2\/product\/3484","targetHints":{"allow":["GET"]}}],"collection":[{"href":"https:\/\/www.btl.com.pl\/en\/wp-json\/wp\/v2\/product"}],"about":[{"href":"https:\/\/www.btl.com.pl\/en\/wp-json\/wp\/v2\/types\/product"}],"version-history":[{"count":1,"href":"https:\/\/www.btl.com.pl\/en\/wp-json\/wp\/v2\/product\/3484\/revisions"}],"predecessor-version":[{"id":3485,"href":"https:\/\/www.btl.com.pl\/en\/wp-json\/wp\/v2\/product\/3484\/revisions\/3485"}],"wp:attachment":[{"href":"https:\/\/www.btl.com.pl\/en\/wp-json\/wp\/v2\/media?parent=3484"}],"wp:term":[{"taxonomy":"product_brand","embeddable":true,"href":"https:\/\/www.btl.com.pl\/en\/wp-json\/wp\/v2\/product_brand?post=3484"},{"taxonomy":"product_cat","embeddable":true,"href":"https:\/\/www.btl.com.pl\/en\/wp-json\/wp\/v2\/product_cat?post=3484"},{"taxonomy":"product_tag","embeddable":true,"href":"https:\/\/www.btl.com.pl\/en\/wp-json\/wp\/v2\/product_tag?post=3484"}],"curies":[{"name":"wp","href":"https:\/\/api.w.org\/{rel}","templated":true}]}}