{"id":3482,"date":"2022-02-20T23:54:23","date_gmt":"2022-02-20T22:54:23","guid":{"rendered":"https:\/\/btl.com.pl\/?post_type=product&#038;p=3482"},"modified":"2022-02-20T23:54:25","modified_gmt":"2022-02-20T22:54:25","slug":"pozywka-mueller-kauffman-z-czterotionianemi-nowobiocyna-mkttn-kompletna-pwp-0348","status":"publish","type":"product","link":"https:\/\/www.btl.com.pl\/en\/produkty\/podloza-mikrobiologiczne-gotowe\/probowki-podloza-mikrobiologiczne-gotowe\/pozywka-mueller-kauffman-z-czterotionianemi-nowobiocyna-mkttn-kompletna-pwp-0348\/","title":{"rendered":"Po\u017cywka Mueller-Kauffman z czterotionianemi nowobiocyn\u0105 (MKTTn), kompletna.  PwP-0348"},"content":{"rendered":"<div>nr katalogowy: <b>PwP-0348<\/b><\/div>\n<p>&nbsp;<\/p>\n<div>\n<p><strong>Zastosowanie:<\/strong><br \/>\nPo\u017cywka MKTTn jest wzbogaconym pod\u0142o\u017cem selektywnym do namna\u017cania bakterii z rodzaju <em>Salmonella<\/em>, g\u0142\u00f3wnie stosowanym przy wykrywaniu <em>Salmonella<\/em> w \u017cywno\u015bci i innych materia\u0142ach.<br \/>\n<strong>Wielko\u015b\u0107 opakowania:<\/strong><br \/>\n40\u00a0prob\u00f3wek x 10 ml<\/p>\n<p>&nbsp;<\/p>\n<\/div>","protected":false},"excerpt":{"rendered":"<p>nr katalogowy: PwP-0348 &nbsp; Zastosowanie: Po\u017cywka MKTTn jest wzbogaconym pod\u0142o\u017cem selektywnym do namna\u017cania bakterii z rodzaju Salmonella, g\u0142\u00f3wnie stosowanym przy wykrywaniu Salmonella w \u017cywno\u015bci i innych materia\u0142ach. Wielko\u015b\u0107 opakowania: 40\u00a0prob\u00f3wek x 10 ml &nbsp;<\/p>","protected":false},"featured_media":0,"template":"","meta":[],"product_brand":[],"product_cat":[78,103],"product_tag":[],"class_list":{"0":"post-3482","1":"product","2":"type-product","3":"status-publish","5":"product_cat-podloza-mikrobiologiczne-gotowe","6":"product_cat-probowki-podloza-mikrobiologiczne-gotowe","8":"first","9":"instock","10":"shipping-taxable","11":"product-type-simple"},"_links":{"self":[{"href":"https:\/\/www.btl.com.pl\/en\/wp-json\/wp\/v2\/product\/3482","targetHints":{"allow":["GET"]}}],"collection":[{"href":"https:\/\/www.btl.com.pl\/en\/wp-json\/wp\/v2\/product"}],"about":[{"href":"https:\/\/www.btl.com.pl\/en\/wp-json\/wp\/v2\/types\/product"}],"version-history":[{"count":1,"href":"https:\/\/www.btl.com.pl\/en\/wp-json\/wp\/v2\/product\/3482\/revisions"}],"predecessor-version":[{"id":3483,"href":"https:\/\/www.btl.com.pl\/en\/wp-json\/wp\/v2\/product\/3482\/revisions\/3483"}],"wp:attachment":[{"href":"https:\/\/www.btl.com.pl\/en\/wp-json\/wp\/v2\/media?parent=3482"}],"wp:term":[{"taxonomy":"product_brand","embeddable":true,"href":"https:\/\/www.btl.com.pl\/en\/wp-json\/wp\/v2\/product_brand?post=3482"},{"taxonomy":"product_cat","embeddable":true,"href":"https:\/\/www.btl.com.pl\/en\/wp-json\/wp\/v2\/product_cat?post=3482"},{"taxonomy":"product_tag","embeddable":true,"href":"https:\/\/www.btl.com.pl\/en\/wp-json\/wp\/v2\/product_tag?post=3482"}],"curies":[{"name":"wp","href":"https:\/\/api.w.org\/{rel}","templated":true}]}}