{"id":3476,"date":"2022-02-20T23:36:11","date_gmt":"2022-02-20T22:36:11","guid":{"rendered":"https:\/\/btl.com.pl\/?post_type=product&#038;p=3476"},"modified":"2022-02-20T23:36:12","modified_gmt":"2022-02-20T22:36:12","slug":"pozywka-agarowa-z-glukoza-pwp-0081","status":"publish","type":"product","link":"https:\/\/www.btl.com.pl\/en\/produkty\/podloza-mikrobiologiczne-gotowe\/probowki-podloza-mikrobiologiczne-gotowe\/pozywka-agarowa-z-glukoza-pwp-0081\/","title":{"rendered":"Po\u017cywka agarowa z glukoz\u0105.   PwP-0081"},"content":{"rendered":"<div>nr katalogowy: <b>PwP-0081<\/b><\/div>\n<p>&nbsp;<\/p>\n<div>\n<p><strong>Zastosowanie:<\/strong><br \/>\nPod\u0142o\u017ce stosowane do wykrywania zdolno\u015bci wykorzystywania glukozy przez drobnoustroje.<br \/>\n<strong>Wielko\u015b\u0107 opakowania:<\/strong><br \/>\n40 prob\u00f3wek x 9 ml<\/p>\n<\/div>","protected":false},"excerpt":{"rendered":"<p>nr katalogowy: PwP-0081 &nbsp; Zastosowanie: Pod\u0142o\u017ce stosowane do wykrywania zdolno\u015bci wykorzystywania glukozy przez drobnoustroje. Wielko\u015b\u0107 opakowania: 40 prob\u00f3wek x 9 ml<\/p>","protected":false},"featured_media":0,"template":"","meta":[],"product_brand":[],"product_cat":[78,103],"product_tag":[],"class_list":{"0":"post-3476","1":"product","2":"type-product","3":"status-publish","5":"product_cat-podloza-mikrobiologiczne-gotowe","6":"product_cat-probowki-podloza-mikrobiologiczne-gotowe","8":"first","9":"instock","10":"shipping-taxable","11":"product-type-simple"},"_links":{"self":[{"href":"https:\/\/www.btl.com.pl\/en\/wp-json\/wp\/v2\/product\/3476","targetHints":{"allow":["GET"]}}],"collection":[{"href":"https:\/\/www.btl.com.pl\/en\/wp-json\/wp\/v2\/product"}],"about":[{"href":"https:\/\/www.btl.com.pl\/en\/wp-json\/wp\/v2\/types\/product"}],"version-history":[{"count":1,"href":"https:\/\/www.btl.com.pl\/en\/wp-json\/wp\/v2\/product\/3476\/revisions"}],"predecessor-version":[{"id":3477,"href":"https:\/\/www.btl.com.pl\/en\/wp-json\/wp\/v2\/product\/3476\/revisions\/3477"}],"wp:attachment":[{"href":"https:\/\/www.btl.com.pl\/en\/wp-json\/wp\/v2\/media?parent=3476"}],"wp:term":[{"taxonomy":"product_brand","embeddable":true,"href":"https:\/\/www.btl.com.pl\/en\/wp-json\/wp\/v2\/product_brand?post=3476"},{"taxonomy":"product_cat","embeddable":true,"href":"https:\/\/www.btl.com.pl\/en\/wp-json\/wp\/v2\/product_cat?post=3476"},{"taxonomy":"product_tag","embeddable":true,"href":"https:\/\/www.btl.com.pl\/en\/wp-json\/wp\/v2\/product_tag?post=3476"}],"curies":[{"name":"wp","href":"https:\/\/api.w.org\/{rel}","templated":true}]}}