{"id":3472,"date":"2022-02-20T23:33:21","date_gmt":"2022-02-20T22:33:21","guid":{"rendered":"https:\/\/btl.com.pl\/?post_type=product&#038;p=3472"},"modified":"2022-02-20T23:33:22","modified_gmt":"2022-02-20T22:33:22","slug":"podloze-z-siarczanem-sodowo-laurylowym-rurki-durhama-pwp-0043","status":"publish","type":"product","link":"https:\/\/www.btl.com.pl\/en\/produkty\/podloza-mikrobiologiczne-gotowe\/probowki-podloza-mikrobiologiczne-gotowe\/podloze-z-siarczanem-sodowo-laurylowym-rurki-durhama-pwp-0043\/","title":{"rendered":"Pod\u0142o\u017ce z siarczanem sodowo-laurylowym + rurki Durhama.  PwP-0043"},"content":{"rendered":"<div>nr katalogowy: <b>PwP-0043<\/b><\/div>\n<p>&nbsp;<\/p>\n<div>\n<p><strong>Zastosowanie:<\/strong><br \/>\nPod\u0142o\u017ce wybi\u00f3rcze do namna\u017cania <em>E.coli<\/em> i bakterii z grupy coli w mleku, przetworach mleczarskich, wodzie i \u015bciekach.<br \/>\n<strong>Wielko\u015b\u0107 opakowania:<br \/>\n<\/strong>40\u00a0prob\u00f3wek x 7 ml<\/p>\n<\/div>","protected":false},"excerpt":{"rendered":"<p>nr katalogowy: PwP-0043 &nbsp; Zastosowanie: Pod\u0142o\u017ce wybi\u00f3rcze do namna\u017cania E.coli i bakterii z grupy coli w mleku, przetworach mleczarskich, wodzie i \u015bciekach. Wielko\u015b\u0107 opakowania: 40\u00a0prob\u00f3wek x 7 ml<\/p>","protected":false},"featured_media":0,"template":"","meta":[],"product_brand":[],"product_cat":[78,103],"product_tag":[],"class_list":{"0":"post-3472","1":"product","2":"type-product","3":"status-publish","5":"product_cat-podloza-mikrobiologiczne-gotowe","6":"product_cat-probowki-podloza-mikrobiologiczne-gotowe","8":"first","9":"instock","10":"shipping-taxable","11":"product-type-simple"},"_links":{"self":[{"href":"https:\/\/www.btl.com.pl\/en\/wp-json\/wp\/v2\/product\/3472","targetHints":{"allow":["GET"]}}],"collection":[{"href":"https:\/\/www.btl.com.pl\/en\/wp-json\/wp\/v2\/product"}],"about":[{"href":"https:\/\/www.btl.com.pl\/en\/wp-json\/wp\/v2\/types\/product"}],"version-history":[{"count":1,"href":"https:\/\/www.btl.com.pl\/en\/wp-json\/wp\/v2\/product\/3472\/revisions"}],"predecessor-version":[{"id":3473,"href":"https:\/\/www.btl.com.pl\/en\/wp-json\/wp\/v2\/product\/3472\/revisions\/3473"}],"wp:attachment":[{"href":"https:\/\/www.btl.com.pl\/en\/wp-json\/wp\/v2\/media?parent=3472"}],"wp:term":[{"taxonomy":"product_brand","embeddable":true,"href":"https:\/\/www.btl.com.pl\/en\/wp-json\/wp\/v2\/product_brand?post=3472"},{"taxonomy":"product_cat","embeddable":true,"href":"https:\/\/www.btl.com.pl\/en\/wp-json\/wp\/v2\/product_cat?post=3472"},{"taxonomy":"product_tag","embeddable":true,"href":"https:\/\/www.btl.com.pl\/en\/wp-json\/wp\/v2\/product_tag?post=3472"}],"curies":[{"name":"wp","href":"https:\/\/api.w.org\/{rel}","templated":true}]}}