{"id":3470,"date":"2022-02-20T23:31:48","date_gmt":"2022-02-20T22:31:48","guid":{"rendered":"https:\/\/btl.com.pl\/?post_type=product&#038;p=3470"},"modified":"2022-02-20T23:31:49","modified_gmt":"2022-02-20T22:31:49","slug":"podloze-z-seleninem-sodu-sf-pwp-0032","status":"publish","type":"product","link":"https:\/\/www.btl.com.pl\/en\/produkty\/podloza-mikrobiologiczne-gotowe\/probowki-podloza-mikrobiologiczne-gotowe\/podloze-z-seleninem-sodu-sf-pwp-0032\/","title":{"rendered":"Pod\u0142o\u017ce z seleninem sodu SF.  PwP-0032"},"content":{"rendered":"<div>nr katalogowy: <b>PwP-0032<\/b><\/div>\n<p>&nbsp;<\/p>\n<div>\n<p><strong>Zastosowanie:<\/strong><br \/>\nPod\u0142o\u017ce do selektywnego namna\u017cania <em>Salmonella sp.<\/em> z ka\u0142u, moczu, produkt\u00f3w spo\u017cywczych i innych materia\u0142\u00f3w. Umo\u017cliwia wzrost <em>Shigella<\/em> z wyj\u0105tkiem niekt\u00f3rych szczep\u00f3w <em>Sh.sonei.<br \/>\n<\/em><strong>Wielko\u015b\u0107 opakowa\u0144:<br \/>\n<\/strong>40prob\u00f3wek x 9 ml<\/p>\n<\/div>","protected":false},"excerpt":{"rendered":"<p>nr katalogowy: PwP-0032 &nbsp; Zastosowanie: Pod\u0142o\u017ce do selektywnego namna\u017cania Salmonella sp. z ka\u0142u, moczu, produkt\u00f3w spo\u017cywczych i innych materia\u0142\u00f3w. Umo\u017cliwia wzrost Shigella z wyj\u0105tkiem niekt\u00f3rych szczep\u00f3w Sh.sonei. Wielko\u015b\u0107 opakowa\u0144: 40prob\u00f3wek x 9 ml<\/p>","protected":false},"featured_media":0,"template":"","meta":[],"product_brand":[],"product_cat":[78,103],"product_tag":[],"class_list":{"0":"post-3470","1":"product","2":"type-product","3":"status-publish","5":"product_cat-podloza-mikrobiologiczne-gotowe","6":"product_cat-probowki-podloza-mikrobiologiczne-gotowe","8":"first","9":"instock","10":"shipping-taxable","11":"product-type-simple"},"_links":{"self":[{"href":"https:\/\/www.btl.com.pl\/en\/wp-json\/wp\/v2\/product\/3470","targetHints":{"allow":["GET"]}}],"collection":[{"href":"https:\/\/www.btl.com.pl\/en\/wp-json\/wp\/v2\/product"}],"about":[{"href":"https:\/\/www.btl.com.pl\/en\/wp-json\/wp\/v2\/types\/product"}],"version-history":[{"count":1,"href":"https:\/\/www.btl.com.pl\/en\/wp-json\/wp\/v2\/product\/3470\/revisions"}],"predecessor-version":[{"id":3471,"href":"https:\/\/www.btl.com.pl\/en\/wp-json\/wp\/v2\/product\/3470\/revisions\/3471"}],"wp:attachment":[{"href":"https:\/\/www.btl.com.pl\/en\/wp-json\/wp\/v2\/media?parent=3470"}],"wp:term":[{"taxonomy":"product_brand","embeddable":true,"href":"https:\/\/www.btl.com.pl\/en\/wp-json\/wp\/v2\/product_brand?post=3470"},{"taxonomy":"product_cat","embeddable":true,"href":"https:\/\/www.btl.com.pl\/en\/wp-json\/wp\/v2\/product_cat?post=3470"},{"taxonomy":"product_tag","embeddable":true,"href":"https:\/\/www.btl.com.pl\/en\/wp-json\/wp\/v2\/product_tag?post=3470"}],"curies":[{"name":"wp","href":"https:\/\/api.w.org\/{rel}","templated":true}]}}