{"id":3464,"date":"2022-02-20T23:23:12","date_gmt":"2022-02-20T22:23:12","guid":{"rendered":"https:\/\/btl.com.pl\/?post_type=product&#038;p=3464"},"modified":"2022-02-20T23:23:13","modified_gmt":"2022-02-20T22:23:13","slug":"podloze-z-mocznikiem-wg-christensena-w-modyfikacji-hormaeche-i-munilla-pwp-0125","status":"publish","type":"product","link":"https:\/\/www.btl.com.pl\/en\/produkty\/podloza-mikrobiologiczne-gotowe\/probowki-podloza-mikrobiologiczne-gotowe\/podloze-z-mocznikiem-wg-christensena-w-modyfikacji-hormaeche-i-munilla-pwp-0125\/","title":{"rendered":"Pod\u0142o\u017ce z mocznikiem wg Christensena w modyfikacji Hormaeche i Munilla.  PwP-0125"},"content":{"rendered":"<div>nr katalogowy: <b>PwP-0125<\/b><\/div>\n<p>&nbsp;<\/p>\n<div>\n<p><strong>Zastosowanie:<\/strong><br \/>\nPod\u0142o\u017ce do hodowli oraz r\u00f3\u017cnicowania pa\u0142eczek z rodziny <em>Enterobacteriaceae<\/em>, szczeg\u00f3lnie do wykrywania bakterii <em>Proteus<\/em>, w produktach spo\u017cywczych i innych materia\u0142ach.<br \/>\n<strong>Wielko\u015b\u0107 opakowania:<\/strong><br \/>\n40\u00a0prob\u00f3wek x 3 ml<\/p>\n<\/div>","protected":false},"excerpt":{"rendered":"<p>nr katalogowy: PwP-0125 &nbsp; Zastosowanie: Pod\u0142o\u017ce do hodowli oraz r\u00f3\u017cnicowania pa\u0142eczek z rodziny Enterobacteriaceae, szczeg\u00f3lnie do wykrywania bakterii Proteus, w produktach spo\u017cywczych i innych materia\u0142ach. Wielko\u015b\u0107 opakowania: 40\u00a0prob\u00f3wek x 3 ml<\/p>","protected":false},"featured_media":0,"template":"","meta":[],"product_brand":[],"product_cat":[78,103],"product_tag":[],"class_list":{"0":"post-3464","1":"product","2":"type-product","3":"status-publish","5":"product_cat-podloza-mikrobiologiczne-gotowe","6":"product_cat-probowki-podloza-mikrobiologiczne-gotowe","8":"first","9":"instock","10":"shipping-taxable","11":"product-type-simple"},"_links":{"self":[{"href":"https:\/\/www.btl.com.pl\/en\/wp-json\/wp\/v2\/product\/3464","targetHints":{"allow":["GET"]}}],"collection":[{"href":"https:\/\/www.btl.com.pl\/en\/wp-json\/wp\/v2\/product"}],"about":[{"href":"https:\/\/www.btl.com.pl\/en\/wp-json\/wp\/v2\/types\/product"}],"version-history":[{"count":1,"href":"https:\/\/www.btl.com.pl\/en\/wp-json\/wp\/v2\/product\/3464\/revisions"}],"predecessor-version":[{"id":3465,"href":"https:\/\/www.btl.com.pl\/en\/wp-json\/wp\/v2\/product\/3464\/revisions\/3465"}],"wp:attachment":[{"href":"https:\/\/www.btl.com.pl\/en\/wp-json\/wp\/v2\/media?parent=3464"}],"wp:term":[{"taxonomy":"product_brand","embeddable":true,"href":"https:\/\/www.btl.com.pl\/en\/wp-json\/wp\/v2\/product_brand?post=3464"},{"taxonomy":"product_cat","embeddable":true,"href":"https:\/\/www.btl.com.pl\/en\/wp-json\/wp\/v2\/product_cat?post=3464"},{"taxonomy":"product_tag","embeddable":true,"href":"https:\/\/www.btl.com.pl\/en\/wp-json\/wp\/v2\/product_tag?post=3464"}],"curies":[{"name":"wp","href":"https:\/\/api.w.org\/{rel}","templated":true}]}}