{"id":3459,"date":"2022-02-20T23:20:54","date_gmt":"2022-02-20T22:20:54","guid":{"rendered":"https:\/\/btl.com.pl\/?post_type=product&#038;p=3459"},"modified":"2022-02-20T23:20:54","modified_gmt":"2022-02-20T22:20:54","slug":"podloze-z-malonianem-pwp-0283","status":"publish","type":"product","link":"https:\/\/www.btl.com.pl\/en\/produkty\/podloza-mikrobiologiczne-gotowe\/probowki-podloza-mikrobiologiczne-gotowe\/podloze-z-malonianem-pwp-0283\/","title":{"rendered":"Pod\u0142o\u017ce z malonianem.  PwP-0283"},"content":{"rendered":"<div id=\"glowna\">\n<div id=\"tresc_produkt\">\n<div>nr katalogowy: <b>PwP-0283<\/b><\/div>\n<div>\n<p><strong>Zastosowanie:<\/strong><br \/>\nPod\u0142o\u017ce z malonianem s\u0142u\u017cy do wykrywania zdolno\u015bci rozk\u0142adu kwasu malonowego przez drobnoustroje, stosowane szczeg\u00f3lnie w diagnostyce biochemicznej bakterii z rodziny <em>Enterobacteriaceae.<\/em> Pod\u0142o\u017ce to zawiera wystarczaj\u0105c\u0105 ilo\u015b\u0107 sk\u0142adnik\u00f3w od\u017cywczych gwarantuj\u0105cych wzrost i rozmna\u017canie si\u0119 bakterii z rodziny <em>Enterobacteriaceae.<br \/>\n<\/em><strong>Wielko\u015b\u0107 opakowania:<\/strong><br \/>\n40\u00a0prob\u00f3wek x\u00a07 ml<\/p>\n<\/div>\n<\/div>\n<\/div>","protected":false},"excerpt":{"rendered":"<p>nr katalogowy: PwP-0283 Zastosowanie: Pod\u0142o\u017ce z malonianem s\u0142u\u017cy do wykrywania zdolno\u015bci rozk\u0142adu kwasu malonowego przez drobnoustroje, stosowane szczeg\u00f3lnie w diagnostyce biochemicznej bakterii z rodziny Enterobacteriaceae. Pod\u0142o\u017ce to zawiera wystarczaj\u0105c\u0105 ilo\u015b\u0107 sk\u0142adnik\u00f3w od\u017cywczych gwarantuj\u0105cych wzrost i rozmna\u017canie si\u0119 bakterii z rodziny Enterobacteriaceae. Wielko\u015b\u0107 opakowania: 40\u00a0prob\u00f3wek x\u00a07 ml<\/p>","protected":false},"featured_media":0,"template":"","meta":[],"product_brand":[],"product_cat":[78,103],"product_tag":[],"class_list":{"0":"post-3459","1":"product","2":"type-product","3":"status-publish","5":"product_cat-podloza-mikrobiologiczne-gotowe","6":"product_cat-probowki-podloza-mikrobiologiczne-gotowe","8":"first","9":"instock","10":"shipping-taxable","11":"product-type-simple"},"_links":{"self":[{"href":"https:\/\/www.btl.com.pl\/en\/wp-json\/wp\/v2\/product\/3459","targetHints":{"allow":["GET"]}}],"collection":[{"href":"https:\/\/www.btl.com.pl\/en\/wp-json\/wp\/v2\/product"}],"about":[{"href":"https:\/\/www.btl.com.pl\/en\/wp-json\/wp\/v2\/types\/product"}],"version-history":[{"count":1,"href":"https:\/\/www.btl.com.pl\/en\/wp-json\/wp\/v2\/product\/3459\/revisions"}],"predecessor-version":[{"id":3460,"href":"https:\/\/www.btl.com.pl\/en\/wp-json\/wp\/v2\/product\/3459\/revisions\/3460"}],"wp:attachment":[{"href":"https:\/\/www.btl.com.pl\/en\/wp-json\/wp\/v2\/media?parent=3459"}],"wp:term":[{"taxonomy":"product_brand","embeddable":true,"href":"https:\/\/www.btl.com.pl\/en\/wp-json\/wp\/v2\/product_brand?post=3459"},{"taxonomy":"product_cat","embeddable":true,"href":"https:\/\/www.btl.com.pl\/en\/wp-json\/wp\/v2\/product_cat?post=3459"},{"taxonomy":"product_tag","embeddable":true,"href":"https:\/\/www.btl.com.pl\/en\/wp-json\/wp\/v2\/product_tag?post=3459"}],"curies":[{"name":"wp","href":"https:\/\/api.w.org\/{rel}","templated":true}]}}