{"id":3457,"date":"2022-02-20T23:16:58","date_gmt":"2022-02-20T22:16:58","guid":{"rendered":"https:\/\/btl.com.pl\/?post_type=product&#038;p=3457"},"modified":"2022-02-20T23:16:58","modified_gmt":"2022-02-20T22:16:58","slug":"podloze-z-zolcia-i-zielenia-brylantowa-rurki-durhama-pwp-0036","status":"publish","type":"product","link":"https:\/\/www.btl.com.pl\/en\/produkty\/podloza-mikrobiologiczne-gotowe\/probowki-podloza-mikrobiologiczne-gotowe\/podloze-z-zolcia-i-zielenia-brylantowa-rurki-durhama-pwp-0036\/","title":{"rendered":"Pod\u0142o\u017ce z \u017c\u00f3\u0142ci\u0105 i zieleni\u0105 brylantow\u0105 + rurki Durhama.   PwP-0036"},"content":{"rendered":"<div>nr katalogowy: <b>PwP-0036<\/b><\/div>\n<p>&nbsp;<\/p>\n<div>\n<p><strong>Zastosowanie:<\/strong><br \/>\nPod\u0142o\u017ce wybi\u00f3rcze do namna\u017cania i okre\u015blania miana i NPL <em>E.coli<\/em> i bakterii z grupy coli w wodzie, mleku, i innych materia\u0142ach w tym produktach spo\u017cywczych.<br \/>\n<strong>Wielko\u015b\u0107 opakowania:<br \/>\n<\/strong>40prob\u00f3wek x<strong>\u00a0 <\/strong>9 ml<\/p>\n<p>&nbsp;<\/p>\n<\/div>","protected":false},"excerpt":{"rendered":"<p>nr katalogowy: PwP-0036 &nbsp; Zastosowanie: Pod\u0142o\u017ce wybi\u00f3rcze do namna\u017cania i okre\u015blania miana i NPL E.coli i bakterii z grupy coli w wodzie, mleku, i innych materia\u0142ach w tym produktach spo\u017cywczych. Wielko\u015b\u0107 opakowania: 40prob\u00f3wek x\u00a0 9 ml &nbsp;<\/p>","protected":false},"featured_media":0,"template":"","meta":[],"product_brand":[],"product_cat":[78,103],"product_tag":[],"class_list":{"0":"post-3457","1":"product","2":"type-product","3":"status-publish","5":"product_cat-podloza-mikrobiologiczne-gotowe","6":"product_cat-probowki-podloza-mikrobiologiczne-gotowe","8":"first","9":"instock","10":"shipping-taxable","11":"product-type-simple"},"_links":{"self":[{"href":"https:\/\/www.btl.com.pl\/en\/wp-json\/wp\/v2\/product\/3457","targetHints":{"allow":["GET"]}}],"collection":[{"href":"https:\/\/www.btl.com.pl\/en\/wp-json\/wp\/v2\/product"}],"about":[{"href":"https:\/\/www.btl.com.pl\/en\/wp-json\/wp\/v2\/types\/product"}],"version-history":[{"count":1,"href":"https:\/\/www.btl.com.pl\/en\/wp-json\/wp\/v2\/product\/3457\/revisions"}],"predecessor-version":[{"id":3458,"href":"https:\/\/www.btl.com.pl\/en\/wp-json\/wp\/v2\/product\/3457\/revisions\/3458"}],"wp:attachment":[{"href":"https:\/\/www.btl.com.pl\/en\/wp-json\/wp\/v2\/media?parent=3457"}],"wp:term":[{"taxonomy":"product_brand","embeddable":true,"href":"https:\/\/www.btl.com.pl\/en\/wp-json\/wp\/v2\/product_brand?post=3457"},{"taxonomy":"product_cat","embeddable":true,"href":"https:\/\/www.btl.com.pl\/en\/wp-json\/wp\/v2\/product_cat?post=3457"},{"taxonomy":"product_tag","embeddable":true,"href":"https:\/\/www.btl.com.pl\/en\/wp-json\/wp\/v2\/product_tag?post=3457"}],"curies":[{"name":"wp","href":"https:\/\/api.w.org\/{rel}","templated":true}]}}