{"id":3449,"date":"2022-02-20T23:05:42","date_gmt":"2022-02-20T22:05:42","guid":{"rendered":"https:\/\/btl.com.pl\/?post_type=product&#038;p=3449"},"modified":"2022-02-20T23:05:42","modified_gmt":"2022-02-20T22:05:42","slug":"podloze-wrzoska-podstawowe-bez-watroby-w-kostce-pwp-0192","status":"publish","type":"product","link":"https:\/\/www.btl.com.pl\/en\/produkty\/podloza-mikrobiologiczne-gotowe\/probowki-podloza-mikrobiologiczne-gotowe\/podloze-wrzoska-podstawowe-bez-watroby-w-kostce-pwp-0192\/","title":{"rendered":"Pod\u0142o\u017ce Wrzoska (podstawowe) &#8211; bez w\u0105troby w kostce.  PwP-0192"},"content":{"rendered":"<p>nr katalogowy: <strong>PwP-0192<\/strong><\/p>\n<p>&nbsp;<\/p>\n<p><strong>Zastosowanie:<\/strong><\/p>\n<p>Pod\u0142o\u017ce do hodowli i wykrywania przetrwalnikuj\u0105cych bakterii beztlenowych, szczeg\u00f3lnie z rodzaju <em>Clostridium<\/em> w \u017cywno\u015bci i innych materia\u0142ach.<\/p>\n<p><strong>Wielkosc opakowania:<\/strong><\/p>\n<p>40 prob\u00f3wek x 10 ml<\/p>","protected":false},"excerpt":{"rendered":"<p>nr katalogowy: PwP-0192 &nbsp; Zastosowanie: Pod\u0142o\u017ce do hodowli i wykrywania przetrwalnikuj\u0105cych bakterii beztlenowych, szczeg\u00f3lnie z rodzaju Clostridium w \u017cywno\u015bci i innych materia\u0142ach. Wielkosc opakowania: 40 prob\u00f3wek x 10 ml<\/p>","protected":false},"featured_media":0,"template":"","meta":[],"product_brand":[],"product_cat":[78,103],"product_tag":[],"class_list":{"0":"post-3449","1":"product","2":"type-product","3":"status-publish","5":"product_cat-podloza-mikrobiologiczne-gotowe","6":"product_cat-probowki-podloza-mikrobiologiczne-gotowe","8":"first","9":"instock","10":"shipping-taxable","11":"product-type-simple"},"_links":{"self":[{"href":"https:\/\/www.btl.com.pl\/en\/wp-json\/wp\/v2\/product\/3449","targetHints":{"allow":["GET"]}}],"collection":[{"href":"https:\/\/www.btl.com.pl\/en\/wp-json\/wp\/v2\/product"}],"about":[{"href":"https:\/\/www.btl.com.pl\/en\/wp-json\/wp\/v2\/types\/product"}],"version-history":[{"count":1,"href":"https:\/\/www.btl.com.pl\/en\/wp-json\/wp\/v2\/product\/3449\/revisions"}],"predecessor-version":[{"id":3450,"href":"https:\/\/www.btl.com.pl\/en\/wp-json\/wp\/v2\/product\/3449\/revisions\/3450"}],"wp:attachment":[{"href":"https:\/\/www.btl.com.pl\/en\/wp-json\/wp\/v2\/media?parent=3449"}],"wp:term":[{"taxonomy":"product_brand","embeddable":true,"href":"https:\/\/www.btl.com.pl\/en\/wp-json\/wp\/v2\/product_brand?post=3449"},{"taxonomy":"product_cat","embeddable":true,"href":"https:\/\/www.btl.com.pl\/en\/wp-json\/wp\/v2\/product_cat?post=3449"},{"taxonomy":"product_tag","embeddable":true,"href":"https:\/\/www.btl.com.pl\/en\/wp-json\/wp\/v2\/product_tag?post=3449"}],"curies":[{"name":"wp","href":"https:\/\/api.w.org\/{rel}","templated":true}]}}