{"id":3447,"date":"2022-02-20T23:04:33","date_gmt":"2022-02-20T22:04:33","guid":{"rendered":"https:\/\/btl.com.pl\/?post_type=product&#038;p=3447"},"modified":"2022-02-20T23:04:33","modified_gmt":"2022-02-20T22:04:33","slug":"podloze-trojcukrowe-z-cytrynianem-zelaza-tsi-skosy-pwp-0064","status":"publish","type":"product","link":"https:\/\/www.btl.com.pl\/en\/produkty\/podloza-mikrobiologiczne-gotowe\/probowki-podloza-mikrobiologiczne-gotowe\/podloze-trojcukrowe-z-cytrynianem-zelaza-tsi-skosy-pwp-0064\/","title":{"rendered":"Pod\u0142o\u017ce tr\u00f3jcukrowe z cytrynianem \u017celaza (TSI), skosy.  PwP-0064"},"content":{"rendered":"<div>nr katalogowy: <b>PwP-0064<\/b><\/div>\n<p>&nbsp;<\/p>\n<div>\n<p><strong>Zastosowanie:<\/strong><br \/>\nPod\u0142o\u017ce do szybkiej identyfikacji bakterii z rodziny <em>Enterobacteriaceae <\/em>(w oparciu o zdolno\u015b\u0107 do rozk\u0142adu glukozy, laktozy, sacharozy i produkcji H<sub>2<\/sub>S).<br \/>\n<strong>Wielko\u015b\u0107 opakowania:<\/strong><br \/>\n40\u00a0prob\u00f3wek x 7 ml<\/p>\n<\/div>","protected":false},"excerpt":{"rendered":"<p>nr katalogowy: PwP-0064 &nbsp; Zastosowanie: Pod\u0142o\u017ce do szybkiej identyfikacji bakterii z rodziny Enterobacteriaceae (w oparciu o zdolno\u015b\u0107 do rozk\u0142adu glukozy, laktozy, sacharozy i produkcji H2S). Wielko\u015b\u0107 opakowania: 40\u00a0prob\u00f3wek x 7 ml<\/p>","protected":false},"featured_media":0,"template":"","meta":[],"product_brand":[],"product_cat":[78,103],"product_tag":[],"class_list":{"0":"post-3447","1":"product","2":"type-product","3":"status-publish","5":"product_cat-podloza-mikrobiologiczne-gotowe","6":"product_cat-probowki-podloza-mikrobiologiczne-gotowe","8":"first","9":"instock","10":"shipping-taxable","11":"product-type-simple"},"_links":{"self":[{"href":"https:\/\/www.btl.com.pl\/en\/wp-json\/wp\/v2\/product\/3447","targetHints":{"allow":["GET"]}}],"collection":[{"href":"https:\/\/www.btl.com.pl\/en\/wp-json\/wp\/v2\/product"}],"about":[{"href":"https:\/\/www.btl.com.pl\/en\/wp-json\/wp\/v2\/types\/product"}],"version-history":[{"count":1,"href":"https:\/\/www.btl.com.pl\/en\/wp-json\/wp\/v2\/product\/3447\/revisions"}],"predecessor-version":[{"id":3448,"href":"https:\/\/www.btl.com.pl\/en\/wp-json\/wp\/v2\/product\/3447\/revisions\/3448"}],"wp:attachment":[{"href":"https:\/\/www.btl.com.pl\/en\/wp-json\/wp\/v2\/media?parent=3447"}],"wp:term":[{"taxonomy":"product_brand","embeddable":true,"href":"https:\/\/www.btl.com.pl\/en\/wp-json\/wp\/v2\/product_brand?post=3447"},{"taxonomy":"product_cat","embeddable":true,"href":"https:\/\/www.btl.com.pl\/en\/wp-json\/wp\/v2\/product_cat?post=3447"},{"taxonomy":"product_tag","embeddable":true,"href":"https:\/\/www.btl.com.pl\/en\/wp-json\/wp\/v2\/product_tag?post=3447"}],"curies":[{"name":"wp","href":"https:\/\/api.w.org\/{rel}","templated":true}]}}