{"id":3445,"date":"2022-02-20T23:01:49","date_gmt":"2022-02-20T22:01:49","guid":{"rendered":"https:\/\/btl.com.pl\/?post_type=product&#038;p=3445"},"modified":"2022-02-20T23:01:50","modified_gmt":"2022-02-20T22:01:50","slug":"podloze-tioglikolanowe-plynne-pwp-0193","status":"publish","type":"product","link":"https:\/\/www.btl.com.pl\/en\/produkty\/podloza-mikrobiologiczne-gotowe\/probowki-podloza-mikrobiologiczne-gotowe\/podloze-tioglikolanowe-plynne-pwp-0193\/","title":{"rendered":"Pod\u0142o\u017ce tioglikolanowe p\u0142ynne.  PwP-0193"},"content":{"rendered":"<div>nr katalogowy: <b>PwP-0193<\/b><\/div>\n<p>&nbsp;<\/p>\n<div>\n<p><strong>Zastosowanie:<br \/>\n<\/strong>Do hodowli i izolacji mikroorganizm\u00f3w wzgl\u0119dnie i bezwzgl\u0119dnie beztlenowych. Pod\u0142o\u017ce\u00a0 polecane jest przez Farmakopee do badania ja\u0142owo\u015bci w produktach leczniczych i wyrobach medycznych.<br \/>\n<strong>Wielko\u015b\u0107 opakowania:<br \/>\n<\/strong>40\u00a0prob\u00f3wek x 10 ml<\/p>\n<\/div>","protected":false},"excerpt":{"rendered":"<p>nr katalogowy: PwP-0193 &nbsp; Zastosowanie: Do hodowli i izolacji mikroorganizm\u00f3w wzgl\u0119dnie i bezwzgl\u0119dnie beztlenowych. Pod\u0142o\u017ce\u00a0 polecane jest przez Farmakopee do badania ja\u0142owo\u015bci w produktach leczniczych i wyrobach medycznych. Wielko\u015b\u0107 opakowania: 40\u00a0prob\u00f3wek x 10 ml<\/p>","protected":false},"featured_media":0,"template":"","meta":[],"product_brand":[],"product_cat":[78,103],"product_tag":[],"class_list":{"0":"post-3445","1":"product","2":"type-product","3":"status-publish","5":"product_cat-podloza-mikrobiologiczne-gotowe","6":"product_cat-probowki-podloza-mikrobiologiczne-gotowe","8":"first","9":"instock","10":"shipping-taxable","11":"product-type-simple"},"_links":{"self":[{"href":"https:\/\/www.btl.com.pl\/en\/wp-json\/wp\/v2\/product\/3445","targetHints":{"allow":["GET"]}}],"collection":[{"href":"https:\/\/www.btl.com.pl\/en\/wp-json\/wp\/v2\/product"}],"about":[{"href":"https:\/\/www.btl.com.pl\/en\/wp-json\/wp\/v2\/types\/product"}],"version-history":[{"count":1,"href":"https:\/\/www.btl.com.pl\/en\/wp-json\/wp\/v2\/product\/3445\/revisions"}],"predecessor-version":[{"id":3446,"href":"https:\/\/www.btl.com.pl\/en\/wp-json\/wp\/v2\/product\/3445\/revisions\/3446"}],"wp:attachment":[{"href":"https:\/\/www.btl.com.pl\/en\/wp-json\/wp\/v2\/media?parent=3445"}],"wp:term":[{"taxonomy":"product_brand","embeddable":true,"href":"https:\/\/www.btl.com.pl\/en\/wp-json\/wp\/v2\/product_brand?post=3445"},{"taxonomy":"product_cat","embeddable":true,"href":"https:\/\/www.btl.com.pl\/en\/wp-json\/wp\/v2\/product_cat?post=3445"},{"taxonomy":"product_tag","embeddable":true,"href":"https:\/\/www.btl.com.pl\/en\/wp-json\/wp\/v2\/product_tag?post=3445"}],"curies":[{"name":"wp","href":"https:\/\/api.w.org\/{rel}","templated":true}]}}