{"id":3441,"date":"2022-02-20T22:47:47","date_gmt":"2022-02-20T21:47:47","guid":{"rendered":"https:\/\/btl.com.pl\/?post_type=product&#038;p=3441"},"modified":"2022-02-20T22:47:48","modified_gmt":"2022-02-20T21:47:48","slug":"podloze-kliglera-skosy-pwp-0053","status":"publish","type":"product","link":"https:\/\/www.btl.com.pl\/en\/produkty\/podloza-mikrobiologiczne-gotowe\/probowki-podloza-mikrobiologiczne-gotowe\/podloze-kliglera-skosy-pwp-0053\/","title":{"rendered":"Pod\u0142o\u017ce Kliglera, skosy.  PwP-0053"},"content":{"rendered":"<div>nr katalogowy: <b>PwP-0053<\/b><\/div>\n<p>&nbsp;<\/p>\n<div>\n<p><strong>Zastosowanie:<br \/>\n<\/strong>Pod\u0142o\u017ce stosowane do identyfikacji gram(-) pa\u0142eczek jelitowych w oparciu o zdolno\u015b\u0107 do fermentacji glukozy, laktozy i redukcji tiosiarczanu do H<sub>2<\/sub>S.<br \/>\n<strong>Wielko\u015b\u0107 opakowania:<\/strong><br \/>\n40 prob\u00f3wek x\u00a07 ml<\/p>\n<\/div>","protected":false},"excerpt":{"rendered":"<p>nr katalogowy: PwP-0053 &nbsp; Zastosowanie: Pod\u0142o\u017ce stosowane do identyfikacji gram(-) pa\u0142eczek jelitowych w oparciu o zdolno\u015b\u0107 do fermentacji glukozy, laktozy i redukcji tiosiarczanu do H2S. Wielko\u015b\u0107 opakowania: 40 prob\u00f3wek x\u00a07 ml<\/p>","protected":false},"featured_media":0,"template":"","meta":[],"product_brand":[],"product_cat":[78,103],"product_tag":[],"class_list":{"0":"post-3441","1":"product","2":"type-product","3":"status-publish","5":"product_cat-podloza-mikrobiologiczne-gotowe","6":"product_cat-probowki-podloza-mikrobiologiczne-gotowe","8":"first","9":"instock","10":"shipping-taxable","11":"product-type-simple"},"_links":{"self":[{"href":"https:\/\/www.btl.com.pl\/en\/wp-json\/wp\/v2\/product\/3441","targetHints":{"allow":["GET"]}}],"collection":[{"href":"https:\/\/www.btl.com.pl\/en\/wp-json\/wp\/v2\/product"}],"about":[{"href":"https:\/\/www.btl.com.pl\/en\/wp-json\/wp\/v2\/types\/product"}],"version-history":[{"count":1,"href":"https:\/\/www.btl.com.pl\/en\/wp-json\/wp\/v2\/product\/3441\/revisions"}],"predecessor-version":[{"id":3442,"href":"https:\/\/www.btl.com.pl\/en\/wp-json\/wp\/v2\/product\/3441\/revisions\/3442"}],"wp:attachment":[{"href":"https:\/\/www.btl.com.pl\/en\/wp-json\/wp\/v2\/media?parent=3441"}],"wp:term":[{"taxonomy":"product_brand","embeddable":true,"href":"https:\/\/www.btl.com.pl\/en\/wp-json\/wp\/v2\/product_brand?post=3441"},{"taxonomy":"product_cat","embeddable":true,"href":"https:\/\/www.btl.com.pl\/en\/wp-json\/wp\/v2\/product_cat?post=3441"},{"taxonomy":"product_tag","embeddable":true,"href":"https:\/\/www.btl.com.pl\/en\/wp-json\/wp\/v2\/product_tag?post=3441"}],"curies":[{"name":"wp","href":"https:\/\/api.w.org\/{rel}","templated":true}]}}