{"id":3435,"date":"2022-02-20T22:37:36","date_gmt":"2022-02-20T21:37:36","guid":{"rendered":"https:\/\/btl.com.pl\/?post_type=product&#038;p=3435"},"modified":"2022-02-20T22:37:37","modified_gmt":"2022-02-20T21:37:37","slug":"podloze-giolitti-cantoni-pwp-0028","status":"publish","type":"product","link":"https:\/\/www.btl.com.pl\/en\/produkty\/podloza-mikrobiologiczne-gotowe\/probowki-podloza-mikrobiologiczne-gotowe\/podloze-giolitti-cantoni-pwp-0028\/","title":{"rendered":"Pod\u0142o\u017ce Giolitti Cantoni.  PwP-0028"},"content":{"rendered":"<p>nr katalogowy: <strong>PwP-0028<\/strong><\/p>\n<p>&nbsp;<\/p>\n<p><strong>Zastosowanie:<\/strong><\/p>\n<p>Pod\u0142o\u017ce wybi\u00f3rcze do okre\u015blania liczby gronkowc\u00f3w, wyznaczonej jako NPL lub do wybi\u00f3rczego namna\u017cania gronkowc\u00f3w z produkt\u00f3w spo\u017cywczych.<\/p>\n<p><strong>Wielko\u015b\u0107 opakowania:<\/strong><\/p>\n<p>40\u00a0prob\u00f3wek x\u00a09 ml<\/p>","protected":false},"excerpt":{"rendered":"<p>nr katalogowy: PwP-0028 &nbsp; Zastosowanie: Pod\u0142o\u017ce wybi\u00f3rcze do okre\u015blania liczby gronkowc\u00f3w, wyznaczonej jako NPL lub do wybi\u00f3rczego namna\u017cania gronkowc\u00f3w z produkt\u00f3w spo\u017cywczych. Wielko\u015b\u0107 opakowania: 40\u00a0prob\u00f3wek x\u00a09 ml<\/p>","protected":false},"featured_media":0,"template":"","meta":[],"product_brand":[],"product_cat":[78,103],"product_tag":[],"class_list":{"0":"post-3435","1":"product","2":"type-product","3":"status-publish","5":"product_cat-podloza-mikrobiologiczne-gotowe","6":"product_cat-probowki-podloza-mikrobiologiczne-gotowe","8":"first","9":"instock","10":"shipping-taxable","11":"product-type-simple"},"_links":{"self":[{"href":"https:\/\/www.btl.com.pl\/en\/wp-json\/wp\/v2\/product\/3435","targetHints":{"allow":["GET"]}}],"collection":[{"href":"https:\/\/www.btl.com.pl\/en\/wp-json\/wp\/v2\/product"}],"about":[{"href":"https:\/\/www.btl.com.pl\/en\/wp-json\/wp\/v2\/types\/product"}],"version-history":[{"count":1,"href":"https:\/\/www.btl.com.pl\/en\/wp-json\/wp\/v2\/product\/3435\/revisions"}],"predecessor-version":[{"id":3436,"href":"https:\/\/www.btl.com.pl\/en\/wp-json\/wp\/v2\/product\/3435\/revisions\/3436"}],"wp:attachment":[{"href":"https:\/\/www.btl.com.pl\/en\/wp-json\/wp\/v2\/media?parent=3435"}],"wp:term":[{"taxonomy":"product_brand","embeddable":true,"href":"https:\/\/www.btl.com.pl\/en\/wp-json\/wp\/v2\/product_brand?post=3435"},{"taxonomy":"product_cat","embeddable":true,"href":"https:\/\/www.btl.com.pl\/en\/wp-json\/wp\/v2\/product_cat?post=3435"},{"taxonomy":"product_tag","embeddable":true,"href":"https:\/\/www.btl.com.pl\/en\/wp-json\/wp\/v2\/product_tag?post=3435"}],"curies":[{"name":"wp","href":"https:\/\/api.w.org\/{rel}","templated":true}]}}