{"id":3433,"date":"2022-02-20T22:35:35","date_gmt":"2022-02-20T21:35:35","guid":{"rendered":"https:\/\/btl.com.pl\/?post_type=product&#038;p=3433"},"modified":"2022-02-20T22:35:36","modified_gmt":"2022-02-20T21:35:36","slug":"podloze-eijkmana-lpb-rurki-durhama-pwp-0083","status":"publish","type":"product","link":"https:\/\/www.btl.com.pl\/en\/produkty\/podloza-mikrobiologiczne-gotowe\/probowki-podloza-mikrobiologiczne-gotowe\/podloze-eijkmana-lpb-rurki-durhama-pwp-0083\/","title":{"rendered":"Pod\u0142o\u017ce Eijkmana (LPB) + rurki Durhama.  PwP-0083"},"content":{"rendered":"<div>nr katalogowy: <b>PwP-0083<\/b><\/div>\n<p>&nbsp;<\/p>\n<div>\n<p><strong>Zastosowanie:<\/strong><br \/>\nPod\u0142o\u017ce r\u00f3\u017cnicuj\u0105ce do stwierdzania zdolno\u015bci fermentacji laktozy przez bakterie z grupy coli w analizie wody.<br \/>\n<strong>Wielko\u015b\u0107 opakowania:<\/strong><br \/>\n40\u00a0prob\u00f3wek x 7 ml<\/p>\n<\/div>","protected":false},"excerpt":{"rendered":"<p>nr katalogowy: PwP-0083 &nbsp; Zastosowanie: Pod\u0142o\u017ce r\u00f3\u017cnicuj\u0105ce do stwierdzania zdolno\u015bci fermentacji laktozy przez bakterie z grupy coli w analizie wody. Wielko\u015b\u0107 opakowania: 40\u00a0prob\u00f3wek x 7 ml<\/p>","protected":false},"featured_media":0,"template":"","meta":[],"product_brand":[],"product_cat":[78,103],"product_tag":[],"class_list":{"0":"post-3433","1":"product","2":"type-product","3":"status-publish","5":"product_cat-podloza-mikrobiologiczne-gotowe","6":"product_cat-probowki-podloza-mikrobiologiczne-gotowe","8":"first","9":"instock","10":"shipping-taxable","11":"product-type-simple"},"_links":{"self":[{"href":"https:\/\/www.btl.com.pl\/en\/wp-json\/wp\/v2\/product\/3433","targetHints":{"allow":["GET"]}}],"collection":[{"href":"https:\/\/www.btl.com.pl\/en\/wp-json\/wp\/v2\/product"}],"about":[{"href":"https:\/\/www.btl.com.pl\/en\/wp-json\/wp\/v2\/types\/product"}],"version-history":[{"count":1,"href":"https:\/\/www.btl.com.pl\/en\/wp-json\/wp\/v2\/product\/3433\/revisions"}],"predecessor-version":[{"id":3434,"href":"https:\/\/www.btl.com.pl\/en\/wp-json\/wp\/v2\/product\/3433\/revisions\/3434"}],"wp:attachment":[{"href":"https:\/\/www.btl.com.pl\/en\/wp-json\/wp\/v2\/media?parent=3433"}],"wp:term":[{"taxonomy":"product_brand","embeddable":true,"href":"https:\/\/www.btl.com.pl\/en\/wp-json\/wp\/v2\/product_brand?post=3433"},{"taxonomy":"product_cat","embeddable":true,"href":"https:\/\/www.btl.com.pl\/en\/wp-json\/wp\/v2\/product_cat?post=3433"},{"taxonomy":"product_tag","embeddable":true,"href":"https:\/\/www.btl.com.pl\/en\/wp-json\/wp\/v2\/product_tag?post=3433"}],"curies":[{"name":"wp","href":"https:\/\/api.w.org\/{rel}","templated":true}]}}