{"id":3429,"date":"2022-02-20T22:22:18","date_gmt":"2022-02-20T21:22:18","guid":{"rendered":"https:\/\/btl.com.pl\/?post_type=product&#038;p=3429"},"modified":"2022-02-20T22:22:18","modified_gmt":"2022-02-20T21:22:18","slug":"podloze-do-wykrywania-dekarboksylazy-podstawowe-pwp-0285","status":"publish","type":"product","link":"https:\/\/www.btl.com.pl\/en\/produkty\/podloza-mikrobiologiczne-gotowe\/probowki-podloza-mikrobiologiczne-gotowe\/podloze-do-wykrywania-dekarboksylazy-podstawowe-pwp-0285\/","title":{"rendered":"Pod\u0142o\u017ce do wykrywania dekarboksylazy (podstawowe).  PwP-0285"},"content":{"rendered":"<p>nr katalogowy: <strong>PwP-0285<\/strong><\/p>\n<p>&nbsp;<\/p>\n<p><strong>Zastosowanie:<br \/>\n<\/strong><\/p>\n<p>Pod\u0142o\u017ce do wykrywania zdolno\u015bci dekarboksylacji wybranych aminokwas\u00f3w przez mikroorganizmy.<br \/>\n<strong>Wielko\u015b\u0107 opakowania:<br \/>\n<\/strong>40 prob\u00f3wek x\u00a09 ml<\/p>","protected":false},"excerpt":{"rendered":"<p>nr katalogowy: PwP-0285 &nbsp; Zastosowanie: Pod\u0142o\u017ce do wykrywania zdolno\u015bci dekarboksylacji wybranych aminokwas\u00f3w przez mikroorganizmy. Wielko\u015b\u0107 opakowania: 40 prob\u00f3wek x\u00a09 ml<\/p>","protected":false},"featured_media":0,"template":"","meta":[],"product_brand":[],"product_cat":[78,103],"product_tag":[],"class_list":{"0":"post-3429","1":"product","2":"type-product","3":"status-publish","5":"product_cat-podloza-mikrobiologiczne-gotowe","6":"product_cat-probowki-podloza-mikrobiologiczne-gotowe","8":"first","9":"instock","10":"shipping-taxable","11":"product-type-simple"},"_links":{"self":[{"href":"https:\/\/www.btl.com.pl\/en\/wp-json\/wp\/v2\/product\/3429","targetHints":{"allow":["GET"]}}],"collection":[{"href":"https:\/\/www.btl.com.pl\/en\/wp-json\/wp\/v2\/product"}],"about":[{"href":"https:\/\/www.btl.com.pl\/en\/wp-json\/wp\/v2\/types\/product"}],"version-history":[{"count":1,"href":"https:\/\/www.btl.com.pl\/en\/wp-json\/wp\/v2\/product\/3429\/revisions"}],"predecessor-version":[{"id":3430,"href":"https:\/\/www.btl.com.pl\/en\/wp-json\/wp\/v2\/product\/3429\/revisions\/3430"}],"wp:attachment":[{"href":"https:\/\/www.btl.com.pl\/en\/wp-json\/wp\/v2\/media?parent=3429"}],"wp:term":[{"taxonomy":"product_brand","embeddable":true,"href":"https:\/\/www.btl.com.pl\/en\/wp-json\/wp\/v2\/product_brand?post=3429"},{"taxonomy":"product_cat","embeddable":true,"href":"https:\/\/www.btl.com.pl\/en\/wp-json\/wp\/v2\/product_cat?post=3429"},{"taxonomy":"product_tag","embeddable":true,"href":"https:\/\/www.btl.com.pl\/en\/wp-json\/wp\/v2\/product_tag?post=3429"}],"curies":[{"name":"wp","href":"https:\/\/api.w.org\/{rel}","templated":true}]}}