{"id":3425,"date":"2022-02-20T22:16:40","date_gmt":"2022-02-20T21:16:40","guid":{"rendered":"https:\/\/btl.com.pl\/?post_type=product&#038;p=3425"},"modified":"2022-02-20T22:16:40","modified_gmt":"2022-02-20T21:16:40","slug":"podloze-do-rozkladu-cukrow-i-alkoholi-rafinoza-pwp-0309b","status":"publish","type":"product","link":"https:\/\/www.btl.com.pl\/en\/produkty\/podloza-mikrobiologiczne-gotowe\/probowki-podloza-mikrobiologiczne-gotowe\/podloze-do-rozkladu-cukrow-i-alkoholi-rafinoza-pwp-0309b\/","title":{"rendered":"Pod\u0142o\u017ce do rozk\u0142adu cukr\u00f3w i alkoholi + rafinoza.  PwP-0309b"},"content":{"rendered":"<div>nr katalogowy: <b>PwP-0309b<\/b><\/div>\n<p>&nbsp;<\/p>\n<div>\n<p>&nbsp;<\/p>\n<p><strong>Zastosowanie:<br \/>\n<\/strong>Pod\u0142o\u017ce do potwierdze\u0144 zdolno\u015bci fermentacji cukr\u00f3w przez bakterie z rodziny <em>Enterobakteriacea<strong>.<\/strong><\/em><br \/>\n<strong>Wielko\u015b\u0107 opakowania:<br \/>\n<\/strong>40\u00a0prob\u00f3wek x\u00a05 ml<\/p>\n<\/div>","protected":false},"excerpt":{"rendered":"<p>nr katalogowy: PwP-0309b &nbsp; &nbsp; Zastosowanie: Pod\u0142o\u017ce do potwierdze\u0144 zdolno\u015bci fermentacji cukr\u00f3w przez bakterie z rodziny Enterobakteriacea. Wielko\u015b\u0107 opakowania: 40\u00a0prob\u00f3wek x\u00a05 ml<\/p>","protected":false},"featured_media":0,"template":"","meta":[],"product_brand":[],"product_cat":[78,103],"product_tag":[],"class_list":{"0":"post-3425","1":"product","2":"type-product","3":"status-publish","5":"product_cat-podloza-mikrobiologiczne-gotowe","6":"product_cat-probowki-podloza-mikrobiologiczne-gotowe","8":"first","9":"instock","10":"shipping-taxable","11":"product-type-simple"},"_links":{"self":[{"href":"https:\/\/www.btl.com.pl\/en\/wp-json\/wp\/v2\/product\/3425","targetHints":{"allow":["GET"]}}],"collection":[{"href":"https:\/\/www.btl.com.pl\/en\/wp-json\/wp\/v2\/product"}],"about":[{"href":"https:\/\/www.btl.com.pl\/en\/wp-json\/wp\/v2\/types\/product"}],"version-history":[{"count":1,"href":"https:\/\/www.btl.com.pl\/en\/wp-json\/wp\/v2\/product\/3425\/revisions"}],"predecessor-version":[{"id":3426,"href":"https:\/\/www.btl.com.pl\/en\/wp-json\/wp\/v2\/product\/3425\/revisions\/3426"}],"wp:attachment":[{"href":"https:\/\/www.btl.com.pl\/en\/wp-json\/wp\/v2\/media?parent=3425"}],"wp:term":[{"taxonomy":"product_brand","embeddable":true,"href":"https:\/\/www.btl.com.pl\/en\/wp-json\/wp\/v2\/product_brand?post=3425"},{"taxonomy":"product_cat","embeddable":true,"href":"https:\/\/www.btl.com.pl\/en\/wp-json\/wp\/v2\/product_cat?post=3425"},{"taxonomy":"product_tag","embeddable":true,"href":"https:\/\/www.btl.com.pl\/en\/wp-json\/wp\/v2\/product_tag?post=3425"}],"curies":[{"name":"wp","href":"https:\/\/api.w.org\/{rel}","templated":true}]}}