{"id":3421,"date":"2022-02-20T22:12:32","date_gmt":"2022-02-20T21:12:32","guid":{"rendered":"https:\/\/btl.com.pl\/?post_type=product&#038;p=3421"},"modified":"2022-02-20T22:12:34","modified_gmt":"2022-02-20T21:12:34","slug":"podloze-do-badania-zdolnosci-ruchu-bakterii-pwp-0238","status":"publish","type":"product","link":"https:\/\/www.btl.com.pl\/en\/produkty\/podloza-mikrobiologiczne-gotowe\/probowki-podloza-mikrobiologiczne-gotowe\/podloze-do-badania-zdolnosci-ruchu-bakterii-pwp-0238\/","title":{"rendered":"Pod\u0142o\u017ce do badania zdolno\u015bci ruchu bakterii.  PwP-0238"},"content":{"rendered":"<div>nr katalogowy: <b>PwP-0238<\/b><\/div>\n<p>&nbsp;<\/p>\n<div>\n<p><strong>Zastosowanie:<\/strong><br \/>\nPod\u0142o\u017ce do wykrywania zdolno\u015bci ruchu u bakterii jest odpowiednim pod\u0142o\u017cem do namna\u017cania, hodowli bakterii, kt\u00f3re nie maj\u0105 wysokich wymaga\u0144 pokarmowych. Pod\u0142o\u017ce s\u0142u\u017cy do badania zdolno\u015bci ruchu, szczeg\u00f3lnie przy diagnostyce bakterii z rodzaju <em>Listeria<\/em>.<br \/>\n<strong>Wielko\u015b\u0107 opakowania:<\/strong><br \/>\n40\u00a0prob\u00f3wek x 7 ml<\/p>\n<\/div>","protected":false},"excerpt":{"rendered":"<p>nr katalogowy: PwP-0238 &nbsp; Zastosowanie: Pod\u0142o\u017ce do wykrywania zdolno\u015bci ruchu u bakterii jest odpowiednim pod\u0142o\u017cem do namna\u017cania, hodowli bakterii, kt\u00f3re nie maj\u0105 wysokich wymaga\u0144 pokarmowych. Pod\u0142o\u017ce s\u0142u\u017cy do badania zdolno\u015bci ruchu, szczeg\u00f3lnie przy diagnostyce bakterii z rodzaju Listeria. Wielko\u015b\u0107 opakowania: 40\u00a0prob\u00f3wek x 7 ml<\/p>","protected":false},"featured_media":0,"template":"","meta":[],"product_brand":[],"product_cat":[78,103],"product_tag":[],"class_list":{"0":"post-3421","1":"product","2":"type-product","3":"status-publish","5":"product_cat-podloza-mikrobiologiczne-gotowe","6":"product_cat-probowki-podloza-mikrobiologiczne-gotowe","8":"first","9":"instock","10":"shipping-taxable","11":"product-type-simple"},"_links":{"self":[{"href":"https:\/\/www.btl.com.pl\/en\/wp-json\/wp\/v2\/product\/3421","targetHints":{"allow":["GET"]}}],"collection":[{"href":"https:\/\/www.btl.com.pl\/en\/wp-json\/wp\/v2\/product"}],"about":[{"href":"https:\/\/www.btl.com.pl\/en\/wp-json\/wp\/v2\/types\/product"}],"version-history":[{"count":1,"href":"https:\/\/www.btl.com.pl\/en\/wp-json\/wp\/v2\/product\/3421\/revisions"}],"predecessor-version":[{"id":3422,"href":"https:\/\/www.btl.com.pl\/en\/wp-json\/wp\/v2\/product\/3421\/revisions\/3422"}],"wp:attachment":[{"href":"https:\/\/www.btl.com.pl\/en\/wp-json\/wp\/v2\/media?parent=3421"}],"wp:term":[{"taxonomy":"product_brand","embeddable":true,"href":"https:\/\/www.btl.com.pl\/en\/wp-json\/wp\/v2\/product_brand?post=3421"},{"taxonomy":"product_cat","embeddable":true,"href":"https:\/\/www.btl.com.pl\/en\/wp-json\/wp\/v2\/product_cat?post=3421"},{"taxonomy":"product_tag","embeddable":true,"href":"https:\/\/www.btl.com.pl\/en\/wp-json\/wp\/v2\/product_tag?post=3421"}],"curies":[{"name":"wp","href":"https:\/\/api.w.org\/{rel}","templated":true}]}}