{"id":3417,"date":"2022-02-20T22:08:55","date_gmt":"2022-02-20T21:08:55","guid":{"rendered":"https:\/\/btl.com.pl\/?post_type=product&#038;p=3417"},"modified":"2022-02-20T22:08:55","modified_gmt":"2022-02-20T21:08:55","slug":"plyn-do-rozcienczen-roztwor-fizjologiczny-z-peptonem-pwp-0061","status":"publish","type":"product","link":"https:\/\/www.btl.com.pl\/en\/produkty\/podloza-mikrobiologiczne-gotowe\/probowki-podloza-mikrobiologiczne-gotowe\/plyn-do-rozcienczen-roztwor-fizjologiczny-z-peptonem-pwp-0061\/","title":{"rendered":"P\u0142yn do rozcie\u0144cze\u0144 (roztw\u00f3r fizjologiczny z peptonem).  PwP-0061"},"content":{"rendered":"<div>nr katalogowy: <b>PwP-0061<\/b><\/div>\n<p>&nbsp;<\/p>\n<div>\n<p><strong>Zastosowanie:<\/strong><br \/>\nDo przygotowania izotonicznego roztworu do rozcie\u0144cze\u0144, stwarzaj\u0105cy optymalne warunki prze\u017cywalno\u015bci mikroorganizm\u00f3w.<br \/>\n<strong>Wielko\u015b\u0107 opakowania:<br \/>\n<\/strong>40 prob\u00f3wek x 9 ml<\/p>\n<\/div>","protected":false},"excerpt":{"rendered":"<p>nr katalogowy: PwP-0061 &nbsp; Zastosowanie: Do przygotowania izotonicznego roztworu do rozcie\u0144cze\u0144, stwarzaj\u0105cy optymalne warunki prze\u017cywalno\u015bci mikroorganizm\u00f3w. Wielko\u015b\u0107 opakowania: 40 prob\u00f3wek x 9 ml<\/p>","protected":false},"featured_media":0,"template":"","meta":[],"product_brand":[],"product_cat":[78,103],"product_tag":[],"class_list":{"0":"post-3417","1":"product","2":"type-product","3":"status-publish","5":"product_cat-podloza-mikrobiologiczne-gotowe","6":"product_cat-probowki-podloza-mikrobiologiczne-gotowe","8":"first","9":"instock","10":"shipping-taxable","11":"product-type-simple"},"_links":{"self":[{"href":"https:\/\/www.btl.com.pl\/en\/wp-json\/wp\/v2\/product\/3417","targetHints":{"allow":["GET"]}}],"collection":[{"href":"https:\/\/www.btl.com.pl\/en\/wp-json\/wp\/v2\/product"}],"about":[{"href":"https:\/\/www.btl.com.pl\/en\/wp-json\/wp\/v2\/types\/product"}],"version-history":[{"count":1,"href":"https:\/\/www.btl.com.pl\/en\/wp-json\/wp\/v2\/product\/3417\/revisions"}],"predecessor-version":[{"id":3418,"href":"https:\/\/www.btl.com.pl\/en\/wp-json\/wp\/v2\/product\/3417\/revisions\/3418"}],"wp:attachment":[{"href":"https:\/\/www.btl.com.pl\/en\/wp-json\/wp\/v2\/media?parent=3417"}],"wp:term":[{"taxonomy":"product_brand","embeddable":true,"href":"https:\/\/www.btl.com.pl\/en\/wp-json\/wp\/v2\/product_brand?post=3417"},{"taxonomy":"product_cat","embeddable":true,"href":"https:\/\/www.btl.com.pl\/en\/wp-json\/wp\/v2\/product_cat?post=3417"},{"taxonomy":"product_tag","embeddable":true,"href":"https:\/\/www.btl.com.pl\/en\/wp-json\/wp\/v2\/product_tag?post=3417"}],"curies":[{"name":"wp","href":"https:\/\/api.w.org\/{rel}","templated":true}]}}