{"id":3405,"date":"2022-02-20T22:02:46","date_gmt":"2022-02-20T21:02:46","guid":{"rendered":"https:\/\/btl.com.pl\/?post_type=product&#038;p=3405"},"modified":"2022-02-20T22:02:46","modified_gmt":"2022-02-20T21:02:46","slug":"bulion-odzywczy-z-zelatyna-pwp-0306","status":"publish","type":"product","link":"https:\/\/www.btl.com.pl\/en\/produkty\/podloza-mikrobiologiczne-gotowe\/probowki-podloza-mikrobiologiczne-gotowe\/bulion-odzywczy-z-zelatyna-pwp-0306\/","title":{"rendered":"Bulion od\u017cywczy z \u017celatyn\u0105.  PwP-0306"},"content":{"rendered":"<div>nr katalogowy: <b>PwP-0306<\/b><\/div>\n<p>&nbsp;<\/p>\n<div>\n<p><strong>Zastosowanie:<br \/>\n<\/strong>Pod\u0142o\u017ce do hodowli drobnoustroj\u00f3w, oraz wykrywania drobnoustroj\u00f3w rozk\u0142adaj\u0105cych \u017celatyn\u0119 (w\u0142a\u015bciwo\u015bci proteolityczne).<br \/>\n<strong>Wielko\u015b\u0107 opakowania:<br \/>\n<\/strong>20 prob\u00f3wek x 9 ml<\/p>\n<\/div>","protected":false},"excerpt":{"rendered":"<p>nr katalogowy: PwP-0306 &nbsp; Zastosowanie: Pod\u0142o\u017ce do hodowli drobnoustroj\u00f3w, oraz wykrywania drobnoustroj\u00f3w rozk\u0142adaj\u0105cych \u017celatyn\u0119 (w\u0142a\u015bciwo\u015bci proteolityczne). Wielko\u015b\u0107 opakowania: 20 prob\u00f3wek x 9 ml<\/p>","protected":false},"featured_media":0,"template":"","meta":[],"product_brand":[],"product_cat":[78,103],"product_tag":[],"class_list":{"0":"post-3405","1":"product","2":"type-product","3":"status-publish","5":"product_cat-podloza-mikrobiologiczne-gotowe","6":"product_cat-probowki-podloza-mikrobiologiczne-gotowe","8":"first","9":"instock","10":"shipping-taxable","11":"product-type-simple"},"_links":{"self":[{"href":"https:\/\/www.btl.com.pl\/en\/wp-json\/wp\/v2\/product\/3405","targetHints":{"allow":["GET"]}}],"collection":[{"href":"https:\/\/www.btl.com.pl\/en\/wp-json\/wp\/v2\/product"}],"about":[{"href":"https:\/\/www.btl.com.pl\/en\/wp-json\/wp\/v2\/types\/product"}],"version-history":[{"count":1,"href":"https:\/\/www.btl.com.pl\/en\/wp-json\/wp\/v2\/product\/3405\/revisions"}],"predecessor-version":[{"id":3406,"href":"https:\/\/www.btl.com.pl\/en\/wp-json\/wp\/v2\/product\/3405\/revisions\/3406"}],"wp:attachment":[{"href":"https:\/\/www.btl.com.pl\/en\/wp-json\/wp\/v2\/media?parent=3405"}],"wp:term":[{"taxonomy":"product_brand","embeddable":true,"href":"https:\/\/www.btl.com.pl\/en\/wp-json\/wp\/v2\/product_brand?post=3405"},{"taxonomy":"product_cat","embeddable":true,"href":"https:\/\/www.btl.com.pl\/en\/wp-json\/wp\/v2\/product_cat?post=3405"},{"taxonomy":"product_tag","embeddable":true,"href":"https:\/\/www.btl.com.pl\/en\/wp-json\/wp\/v2\/product_tag?post=3405"}],"curies":[{"name":"wp","href":"https:\/\/api.w.org\/{rel}","templated":true}]}}