{"id":3389,"date":"2022-02-20T20:40:28","date_gmt":"2022-02-20T19:40:28","guid":{"rendered":"https:\/\/btl.com.pl\/?post_type=product&#038;p=3389"},"modified":"2022-02-20T20:40:29","modified_gmt":"2022-02-20T19:40:29","slug":"bulion-frasera-kompletny-pwp-0211","status":"publish","type":"product","link":"https:\/\/www.btl.com.pl\/en\/produkty\/podloza-mikrobiologiczne-gotowe\/probowki-podloza-mikrobiologiczne-gotowe\/bulion-frasera-kompletny-pwp-0211\/","title":{"rendered":"Bulion Frasera, kompletny.   PwP-0211"},"content":{"rendered":"<div>nr katalogowy: <b>PwP-0211<\/b><\/div>\n<p>&nbsp;<\/p>\n<div>\n<p><strong>Zastosowanie:<\/strong><br \/>\nPod\u0142o\u017ce wybi\u00f3rcze namna\u017caj\u0105ce wykorzystywane podczas oznaczania obecno\u015bci<em> Listeria monocytogenes<\/em>. Pod\u0142o\u017ce szczeg\u00f3lnie polecane s\u0105 przy izolacji Listeria sp. z \u017cywno\u015bci czy pasz. Bulion Fraser\u2019a zawiera du\u017c\u0105 ilo\u015b\u0107 sk\u0142adnik\u00f3w od\u017cywczych gwarantuj\u0105cych wzrost mikroorganizm\u00f3w o podwy\u017cszonych wymaganiach pokarmowych.<br \/>\n<strong>Wielko\u015b\u0107 opakowania:<\/strong><br \/>\n50 probowek x 10 ml<\/p>\n<p>&nbsp;<\/p>\n<\/div>","protected":false},"excerpt":{"rendered":"<p>nr katalogowy: PwP-0211 &nbsp; Zastosowanie: Pod\u0142o\u017ce wybi\u00f3rcze namna\u017caj\u0105ce wykorzystywane podczas oznaczania obecno\u015bci Listeria monocytogenes. Pod\u0142o\u017ce szczeg\u00f3lnie polecane s\u0105 przy izolacji Listeria sp. z \u017cywno\u015bci czy pasz. Bulion Fraser\u2019a zawiera du\u017c\u0105 ilo\u015b\u0107 sk\u0142adnik\u00f3w od\u017cywczych gwarantuj\u0105cych wzrost mikroorganizm\u00f3w o podwy\u017cszonych wymaganiach pokarmowych. Wielko\u015b\u0107 opakowania: 50 probowek x 10 ml &nbsp;<\/p>","protected":false},"featured_media":0,"template":"","meta":[],"product_brand":[],"product_cat":[78,103],"product_tag":[],"class_list":{"0":"post-3389","1":"product","2":"type-product","3":"status-publish","5":"product_cat-podloza-mikrobiologiczne-gotowe","6":"product_cat-probowki-podloza-mikrobiologiczne-gotowe","8":"first","9":"instock","10":"shipping-taxable","11":"product-type-simple"},"_links":{"self":[{"href":"https:\/\/www.btl.com.pl\/en\/wp-json\/wp\/v2\/product\/3389","targetHints":{"allow":["GET"]}}],"collection":[{"href":"https:\/\/www.btl.com.pl\/en\/wp-json\/wp\/v2\/product"}],"about":[{"href":"https:\/\/www.btl.com.pl\/en\/wp-json\/wp\/v2\/types\/product"}],"version-history":[{"count":1,"href":"https:\/\/www.btl.com.pl\/en\/wp-json\/wp\/v2\/product\/3389\/revisions"}],"predecessor-version":[{"id":3390,"href":"https:\/\/www.btl.com.pl\/en\/wp-json\/wp\/v2\/product\/3389\/revisions\/3390"}],"wp:attachment":[{"href":"https:\/\/www.btl.com.pl\/en\/wp-json\/wp\/v2\/media?parent=3389"}],"wp:term":[{"taxonomy":"product_brand","embeddable":true,"href":"https:\/\/www.btl.com.pl\/en\/wp-json\/wp\/v2\/product_brand?post=3389"},{"taxonomy":"product_cat","embeddable":true,"href":"https:\/\/www.btl.com.pl\/en\/wp-json\/wp\/v2\/product_cat?post=3389"},{"taxonomy":"product_tag","embeddable":true,"href":"https:\/\/www.btl.com.pl\/en\/wp-json\/wp\/v2\/product_tag?post=3389"}],"curies":[{"name":"wp","href":"https:\/\/api.w.org\/{rel}","templated":true}]}}