{"id":3380,"date":"2022-02-20T20:34:15","date_gmt":"2022-02-20T19:34:15","guid":{"rendered":"https:\/\/btl.com.pl\/?post_type=product&#038;p=3380"},"modified":"2022-02-20T20:34:15","modified_gmt":"2022-02-20T19:34:15","slug":"agar-odzywczy-skosy-pwp-0012","status":"publish","type":"product","link":"https:\/\/www.btl.com.pl\/en\/produkty\/podloza-mikrobiologiczne-gotowe\/probowki-podloza-mikrobiologiczne-gotowe\/agar-odzywczy-skosy-pwp-0012\/","title":{"rendered":"Agar od\u017cywczy, skosy.  PwP-0012"},"content":{"rendered":"<div>nr katalogowy: <b>PwP-0012<\/b><\/div>\n<p>&nbsp;<\/p>\n<div>\n<p><strong>Zastosowanie:<\/strong><br \/>\nPod\u0142o\u017ce uniwersalne do hodowli mikroorganizm\u00f3w o podwy\u017cszonych wymaganiach pokarmowych.<br \/>\n<strong>Wielko\u015b\u0107 opakowania:<\/strong><br \/>\n40\u00a0prob\u00f3wek x 7 ml<\/p>\n<\/div>","protected":false},"excerpt":{"rendered":"<p>nr katalogowy: PwP-0012 &nbsp; Zastosowanie: Pod\u0142o\u017ce uniwersalne do hodowli mikroorganizm\u00f3w o podwy\u017cszonych wymaganiach pokarmowych. Wielko\u015b\u0107 opakowania: 40\u00a0prob\u00f3wek x 7 ml<\/p>","protected":false},"featured_media":0,"template":"","meta":[],"product_brand":[],"product_cat":[78,103],"product_tag":[],"class_list":{"0":"post-3380","1":"product","2":"type-product","3":"status-publish","5":"product_cat-podloza-mikrobiologiczne-gotowe","6":"product_cat-probowki-podloza-mikrobiologiczne-gotowe","8":"first","9":"instock","10":"shipping-taxable","11":"product-type-simple"},"_links":{"self":[{"href":"https:\/\/www.btl.com.pl\/en\/wp-json\/wp\/v2\/product\/3380","targetHints":{"allow":["GET"]}}],"collection":[{"href":"https:\/\/www.btl.com.pl\/en\/wp-json\/wp\/v2\/product"}],"about":[{"href":"https:\/\/www.btl.com.pl\/en\/wp-json\/wp\/v2\/types\/product"}],"version-history":[{"count":1,"href":"https:\/\/www.btl.com.pl\/en\/wp-json\/wp\/v2\/product\/3380\/revisions"}],"predecessor-version":[{"id":3381,"href":"https:\/\/www.btl.com.pl\/en\/wp-json\/wp\/v2\/product\/3380\/revisions\/3381"}],"wp:attachment":[{"href":"https:\/\/www.btl.com.pl\/en\/wp-json\/wp\/v2\/media?parent=3380"}],"wp:term":[{"taxonomy":"product_brand","embeddable":true,"href":"https:\/\/www.btl.com.pl\/en\/wp-json\/wp\/v2\/product_brand?post=3380"},{"taxonomy":"product_cat","embeddable":true,"href":"https:\/\/www.btl.com.pl\/en\/wp-json\/wp\/v2\/product_cat?post=3380"},{"taxonomy":"product_tag","embeddable":true,"href":"https:\/\/www.btl.com.pl\/en\/wp-json\/wp\/v2\/product_tag?post=3380"}],"curies":[{"name":"wp","href":"https:\/\/api.w.org\/{rel}","templated":true}]}}