{"id":3212,"date":"2022-02-20T14:54:01","date_gmt":"2022-02-20T13:54:01","guid":{"rendered":"https:\/\/btl.com.pl\/?post_type=product&#038;p=3212"},"modified":"2022-02-20T14:54:02","modified_gmt":"2022-02-20T13:54:02","slug":"blekit-patentowy-sol-sodowa-c-099","status":"publish","type":"product","link":"https:\/\/www.btl.com.pl\/en\/produkty\/dodatki-i-odczynniki-chemiczne\/odczynniki-chemiczne-dodatki-i-odczynniki-chemiczne\/blekit-patentowy-sol-sodowa-c-099\/","title":{"rendered":"B\u0142\u0119kit patentowy (s\u00f3l sodowa).  C-099"},"content":{"rendered":"<div>nr katalogowy: <b>C-099<\/b><\/div>\n<p>&nbsp;<\/p>\n<div>\n<p><strong>Odczynnik chemiczny<\/strong><br \/>\n<strong>Wielko\u015b\u0107 opakowania:<br \/>\n<\/strong>25 g<\/p>\n<\/div>","protected":false},"excerpt":{"rendered":"<p>nr katalogowy: C-099 &nbsp; Odczynnik chemiczny Wielko\u015b\u0107 opakowania: 25 g<\/p>","protected":false},"featured_media":0,"template":"","meta":[],"product_brand":[],"product_cat":[82,116],"product_tag":[],"class_list":{"0":"post-3212","1":"product","2":"type-product","3":"status-publish","5":"product_cat-dodatki-i-odczynniki-chemiczne","6":"product_cat-odczynniki-chemiczne-dodatki-i-odczynniki-chemiczne","8":"first","9":"instock","10":"shipping-taxable","11":"product-type-simple"},"_links":{"self":[{"href":"https:\/\/www.btl.com.pl\/en\/wp-json\/wp\/v2\/product\/3212","targetHints":{"allow":["GET"]}}],"collection":[{"href":"https:\/\/www.btl.com.pl\/en\/wp-json\/wp\/v2\/product"}],"about":[{"href":"https:\/\/www.btl.com.pl\/en\/wp-json\/wp\/v2\/types\/product"}],"version-history":[{"count":1,"href":"https:\/\/www.btl.com.pl\/en\/wp-json\/wp\/v2\/product\/3212\/revisions"}],"predecessor-version":[{"id":3213,"href":"https:\/\/www.btl.com.pl\/en\/wp-json\/wp\/v2\/product\/3212\/revisions\/3213"}],"wp:attachment":[{"href":"https:\/\/www.btl.com.pl\/en\/wp-json\/wp\/v2\/media?parent=3212"}],"wp:term":[{"taxonomy":"product_brand","embeddable":true,"href":"https:\/\/www.btl.com.pl\/en\/wp-json\/wp\/v2\/product_brand?post=3212"},{"taxonomy":"product_cat","embeddable":true,"href":"https:\/\/www.btl.com.pl\/en\/wp-json\/wp\/v2\/product_cat?post=3212"},{"taxonomy":"product_tag","embeddable":true,"href":"https:\/\/www.btl.com.pl\/en\/wp-json\/wp\/v2\/product_tag?post=3212"}],"curies":[{"name":"wp","href":"https:\/\/api.w.org\/{rel}","templated":true}]}}