{"id":3192,"date":"2022-02-20T14:34:09","date_gmt":"2022-02-20T13:34:09","guid":{"rendered":"https:\/\/btl.com.pl\/?post_type=product&#038;p=3192"},"modified":"2022-02-20T14:34:09","modified_gmt":"2022-02-20T13:34:09","slug":"tykarcylina-c-136","status":"publish","type":"product","link":"https:\/\/www.btl.com.pl\/en\/produkty\/dodatki-i-odczynniki-chemiczne\/dodatki-do-podlozy-dodatki-i-odczynniki-chemiczne\/tykarcylina-c-136\/","title":{"rendered":"Tykarcylina.  C-136"},"content":{"rendered":"<div>nr katalogowy: <b>C-136<\/b><\/div>\n<p>&nbsp;<\/p>\n<div>\n<p><strong>Dodatek wybi\u00f3rczy do bulionu ITC.<br \/>\n<\/strong>Ka\u017cda fiolka przeznaczona jest na 1000 ml pod\u0142o\u017ca podstawowego.<br \/>\n<strong>Wielko\u015b\u0107 opakowania:<br \/>\n<\/strong>5 x 1000 ml<\/p>\n<\/div>","protected":false},"excerpt":{"rendered":"<p>nr katalogowy: C-136 &nbsp; Dodatek wybi\u00f3rczy do bulionu ITC. Ka\u017cda fiolka przeznaczona jest na 1000 ml pod\u0142o\u017ca podstawowego. Wielko\u015b\u0107 opakowania: 5 x 1000 ml<\/p>","protected":false},"featured_media":0,"template":"","meta":[],"product_brand":[],"product_cat":[118,82],"product_tag":[],"class_list":{"0":"post-3192","1":"product","2":"type-product","3":"status-publish","5":"product_cat-dodatki-do-podlozy-dodatki-i-odczynniki-chemiczne","6":"product_cat-dodatki-i-odczynniki-chemiczne","8":"first","9":"instock","10":"shipping-taxable","11":"product-type-simple"},"_links":{"self":[{"href":"https:\/\/www.btl.com.pl\/en\/wp-json\/wp\/v2\/product\/3192","targetHints":{"allow":["GET"]}}],"collection":[{"href":"https:\/\/www.btl.com.pl\/en\/wp-json\/wp\/v2\/product"}],"about":[{"href":"https:\/\/www.btl.com.pl\/en\/wp-json\/wp\/v2\/types\/product"}],"version-history":[{"count":1,"href":"https:\/\/www.btl.com.pl\/en\/wp-json\/wp\/v2\/product\/3192\/revisions"}],"predecessor-version":[{"id":3193,"href":"https:\/\/www.btl.com.pl\/en\/wp-json\/wp\/v2\/product\/3192\/revisions\/3193"}],"wp:attachment":[{"href":"https:\/\/www.btl.com.pl\/en\/wp-json\/wp\/v2\/media?parent=3192"}],"wp:term":[{"taxonomy":"product_brand","embeddable":true,"href":"https:\/\/www.btl.com.pl\/en\/wp-json\/wp\/v2\/product_brand?post=3192"},{"taxonomy":"product_cat","embeddable":true,"href":"https:\/\/www.btl.com.pl\/en\/wp-json\/wp\/v2\/product_cat?post=3192"},{"taxonomy":"product_tag","embeddable":true,"href":"https:\/\/www.btl.com.pl\/en\/wp-json\/wp\/v2\/product_tag?post=3192"}],"curies":[{"name":"wp","href":"https:\/\/api.w.org\/{rel}","templated":true}]}}