{"id":3180,"date":"2022-02-18T10:58:52","date_gmt":"2022-02-18T09:58:52","guid":{"rendered":"https:\/\/btl.com.pl\/?post_type=product&#038;p=3180"},"modified":"2022-02-18T10:58:52","modified_gmt":"2022-02-18T09:58:52","slug":"potasu-chloran-c-137","status":"publish","type":"product","link":"https:\/\/www.btl.com.pl\/en\/produkty\/dodatki-i-odczynniki-chemiczne\/dodatki-do-podlozy-dodatki-i-odczynniki-chemiczne\/potasu-chloran-c-137\/","title":{"rendered":"Potasu chloran.  C-137"},"content":{"rendered":"<div>nr katalogowy: <b>C-137<\/b><\/div>\n<p>&nbsp;<\/p>\n<div>\n<p><strong>Dodatek wybi\u00f3rczy do bulionu ITC.<br \/>\nWielko\u015b\u0107 opakowania:<br \/>\n<\/strong>50 g<\/p>\n<\/div>","protected":false},"excerpt":{"rendered":"<p>nr katalogowy: C-137 &nbsp; Dodatek wybi\u00f3rczy do bulionu ITC. Wielko\u015b\u0107 opakowania: 50 g<\/p>","protected":false},"featured_media":0,"template":"","meta":[],"product_brand":[],"product_cat":[118,82],"product_tag":[],"class_list":{"0":"post-3180","1":"product","2":"type-product","3":"status-publish","5":"product_cat-dodatki-do-podlozy-dodatki-i-odczynniki-chemiczne","6":"product_cat-dodatki-i-odczynniki-chemiczne","8":"first","9":"instock","10":"shipping-taxable","11":"product-type-simple"},"_links":{"self":[{"href":"https:\/\/www.btl.com.pl\/en\/wp-json\/wp\/v2\/product\/3180","targetHints":{"allow":["GET"]}}],"collection":[{"href":"https:\/\/www.btl.com.pl\/en\/wp-json\/wp\/v2\/product"}],"about":[{"href":"https:\/\/www.btl.com.pl\/en\/wp-json\/wp\/v2\/types\/product"}],"version-history":[{"count":1,"href":"https:\/\/www.btl.com.pl\/en\/wp-json\/wp\/v2\/product\/3180\/revisions"}],"predecessor-version":[{"id":3181,"href":"https:\/\/www.btl.com.pl\/en\/wp-json\/wp\/v2\/product\/3180\/revisions\/3181"}],"wp:attachment":[{"href":"https:\/\/www.btl.com.pl\/en\/wp-json\/wp\/v2\/media?parent=3180"}],"wp:term":[{"taxonomy":"product_brand","embeddable":true,"href":"https:\/\/www.btl.com.pl\/en\/wp-json\/wp\/v2\/product_brand?post=3180"},{"taxonomy":"product_cat","embeddable":true,"href":"https:\/\/www.btl.com.pl\/en\/wp-json\/wp\/v2\/product_cat?post=3180"},{"taxonomy":"product_tag","embeddable":true,"href":"https:\/\/www.btl.com.pl\/en\/wp-json\/wp\/v2\/product_tag?post=3180"}],"curies":[{"name":"wp","href":"https:\/\/api.w.org\/{rel}","templated":true}]}}