{"id":3178,"date":"2022-02-18T10:53:02","date_gmt":"2022-02-18T09:53:02","guid":{"rendered":"https:\/\/btl.com.pl\/?post_type=product&#038;p=3178"},"modified":"2022-02-18T10:53:03","modified_gmt":"2022-02-18T09:53:03","slug":"plyn-lugola-c-034","status":"publish","type":"product","link":"https:\/\/www.btl.com.pl\/en\/produkty\/dodatki-i-odczynniki-chemiczne\/dodatki-do-podlozy-dodatki-i-odczynniki-chemiczne\/plyn-lugola-c-034\/","title":{"rendered":"P\u0142yn Lugola.  C-034"},"content":{"rendered":"<div>nr katalogowy: <b>C-034<\/b><\/div>\n<p>&nbsp;<\/p>\n<div>\n<p><strong>Dodatek do pod\u0142o\u017ca.<br \/>\nWielko\u015b\u0107 opakowania:<br \/>\n<\/strong>100 ml.<\/p>\n<\/div>","protected":false},"excerpt":{"rendered":"<p>nr katalogowy: C-034 &nbsp; Dodatek do pod\u0142o\u017ca. Wielko\u015b\u0107 opakowania: 100 ml.<\/p>","protected":false},"featured_media":0,"template":"","meta":[],"product_brand":[],"product_cat":[118,82],"product_tag":[],"class_list":{"0":"post-3178","1":"product","2":"type-product","3":"status-publish","5":"product_cat-dodatki-do-podlozy-dodatki-i-odczynniki-chemiczne","6":"product_cat-dodatki-i-odczynniki-chemiczne","8":"first","9":"instock","10":"shipping-taxable","11":"product-type-simple"},"_links":{"self":[{"href":"https:\/\/www.btl.com.pl\/en\/wp-json\/wp\/v2\/product\/3178","targetHints":{"allow":["GET"]}}],"collection":[{"href":"https:\/\/www.btl.com.pl\/en\/wp-json\/wp\/v2\/product"}],"about":[{"href":"https:\/\/www.btl.com.pl\/en\/wp-json\/wp\/v2\/types\/product"}],"version-history":[{"count":1,"href":"https:\/\/www.btl.com.pl\/en\/wp-json\/wp\/v2\/product\/3178\/revisions"}],"predecessor-version":[{"id":3179,"href":"https:\/\/www.btl.com.pl\/en\/wp-json\/wp\/v2\/product\/3178\/revisions\/3179"}],"wp:attachment":[{"href":"https:\/\/www.btl.com.pl\/en\/wp-json\/wp\/v2\/media?parent=3178"}],"wp:term":[{"taxonomy":"product_brand","embeddable":true,"href":"https:\/\/www.btl.com.pl\/en\/wp-json\/wp\/v2\/product_brand?post=3178"},{"taxonomy":"product_cat","embeddable":true,"href":"https:\/\/www.btl.com.pl\/en\/wp-json\/wp\/v2\/product_cat?post=3178"},{"taxonomy":"product_tag","embeddable":true,"href":"https:\/\/www.btl.com.pl\/en\/wp-json\/wp\/v2\/product_tag?post=3178"}],"curies":[{"name":"wp","href":"https:\/\/api.w.org\/{rel}","templated":true}]}}