{"id":3176,"date":"2022-02-18T10:51:18","date_gmt":"2022-02-18T09:51:18","guid":{"rendered":"https:\/\/btl.com.pl\/?post_type=product&#038;p=3176"},"modified":"2022-02-18T10:51:18","modified_gmt":"2022-02-18T09:51:18","slug":"parafina-ciekla-d-037","status":"publish","type":"product","link":"https:\/\/www.btl.com.pl\/en\/produkty\/dodatki-i-odczynniki-chemiczne\/dodatki-do-podlozy-dodatki-i-odczynniki-chemiczne\/parafina-ciekla-d-037\/","title":{"rendered":"Parafina ciek\u0142a.  D-037"},"content":{"rendered":"<div>nr katalogowy: <b>D-037<\/b><\/div>\n<p>&nbsp;<\/p>\n<div>\n<p><strong>Dodatek do pod\u0142o\u017cy.<br \/>\nWielko\u015b\u0107 opakowania:<br \/>\n<\/strong>100 ml<\/p>\n<\/div>","protected":false},"excerpt":{"rendered":"<p>nr katalogowy: D-037 &nbsp; Dodatek do pod\u0142o\u017cy. Wielko\u015b\u0107 opakowania: 100 ml<\/p>","protected":false},"featured_media":0,"template":"","meta":[],"product_brand":[],"product_cat":[118,82],"product_tag":[],"class_list":{"0":"post-3176","1":"product","2":"type-product","3":"status-publish","5":"product_cat-dodatki-do-podlozy-dodatki-i-odczynniki-chemiczne","6":"product_cat-dodatki-i-odczynniki-chemiczne","8":"first","9":"instock","10":"shipping-taxable","11":"product-type-simple"},"_links":{"self":[{"href":"https:\/\/www.btl.com.pl\/en\/wp-json\/wp\/v2\/product\/3176","targetHints":{"allow":["GET"]}}],"collection":[{"href":"https:\/\/www.btl.com.pl\/en\/wp-json\/wp\/v2\/product"}],"about":[{"href":"https:\/\/www.btl.com.pl\/en\/wp-json\/wp\/v2\/types\/product"}],"version-history":[{"count":1,"href":"https:\/\/www.btl.com.pl\/en\/wp-json\/wp\/v2\/product\/3176\/revisions"}],"predecessor-version":[{"id":3177,"href":"https:\/\/www.btl.com.pl\/en\/wp-json\/wp\/v2\/product\/3176\/revisions\/3177"}],"wp:attachment":[{"href":"https:\/\/www.btl.com.pl\/en\/wp-json\/wp\/v2\/media?parent=3176"}],"wp:term":[{"taxonomy":"product_brand","embeddable":true,"href":"https:\/\/www.btl.com.pl\/en\/wp-json\/wp\/v2\/product_brand?post=3176"},{"taxonomy":"product_cat","embeddable":true,"href":"https:\/\/www.btl.com.pl\/en\/wp-json\/wp\/v2\/product_cat?post=3176"},{"taxonomy":"product_tag","embeddable":true,"href":"https:\/\/www.btl.com.pl\/en\/wp-json\/wp\/v2\/product_tag?post=3176"}],"curies":[{"name":"wp","href":"https:\/\/api.w.org\/{rel}","templated":true}]}}