{"id":3158,"date":"2022-02-18T10:38:22","date_gmt":"2022-02-18T09:38:22","guid":{"rendered":"https:\/\/btl.com.pl\/?post_type=product&#038;p=3158"},"modified":"2022-02-18T10:38:23","modified_gmt":"2022-02-18T09:38:23","slug":"kwas-rozolowy-d-084r","status":"publish","type":"product","link":"https:\/\/www.btl.com.pl\/en\/produkty\/dodatki-i-odczynniki-chemiczne\/dodatki-do-podlozy-dodatki-i-odczynniki-chemiczne\/kwas-rozolowy-d-084r\/","title":{"rendered":"Kwas rozolowy.  D-084R"},"content":{"rendered":"<div>nr katalogowy: <b>D-084R<\/b><\/div>\n<p>&nbsp;<\/p>\n<div>\n<p><strong>Dodatek wybi\u00f3rczy<br \/>\n<\/strong>Ka\u017cda fiolka jest przeznaczona na 500 ml pod\u0142o\u017ca podstawowego.<br \/>\n<strong>Wielko\u015b\u0107 opakowania:<br \/>\n<\/strong>fiolki 10 x 500 ml<\/p>\n<\/div>","protected":false},"excerpt":{"rendered":"<p>nr katalogowy: D-084R &nbsp; Dodatek wybi\u00f3rczy Ka\u017cda fiolka jest przeznaczona na 500 ml pod\u0142o\u017ca podstawowego. Wielko\u015b\u0107 opakowania: fiolki 10 x 500 ml<\/p>","protected":false},"featured_media":0,"template":"","meta":[],"product_brand":[],"product_cat":[118,82],"product_tag":[],"class_list":{"0":"post-3158","1":"product","2":"type-product","3":"status-publish","5":"product_cat-dodatki-do-podlozy-dodatki-i-odczynniki-chemiczne","6":"product_cat-dodatki-i-odczynniki-chemiczne","8":"first","9":"instock","10":"shipping-taxable","11":"product-type-simple"},"_links":{"self":[{"href":"https:\/\/www.btl.com.pl\/en\/wp-json\/wp\/v2\/product\/3158","targetHints":{"allow":["GET"]}}],"collection":[{"href":"https:\/\/www.btl.com.pl\/en\/wp-json\/wp\/v2\/product"}],"about":[{"href":"https:\/\/www.btl.com.pl\/en\/wp-json\/wp\/v2\/types\/product"}],"version-history":[{"count":1,"href":"https:\/\/www.btl.com.pl\/en\/wp-json\/wp\/v2\/product\/3158\/revisions"}],"predecessor-version":[{"id":3159,"href":"https:\/\/www.btl.com.pl\/en\/wp-json\/wp\/v2\/product\/3158\/revisions\/3159"}],"wp:attachment":[{"href":"https:\/\/www.btl.com.pl\/en\/wp-json\/wp\/v2\/media?parent=3158"}],"wp:term":[{"taxonomy":"product_brand","embeddable":true,"href":"https:\/\/www.btl.com.pl\/en\/wp-json\/wp\/v2\/product_brand?post=3158"},{"taxonomy":"product_cat","embeddable":true,"href":"https:\/\/www.btl.com.pl\/en\/wp-json\/wp\/v2\/product_cat?post=3158"},{"taxonomy":"product_tag","embeddable":true,"href":"https:\/\/www.btl.com.pl\/en\/wp-json\/wp\/v2\/product_tag?post=3158"}],"curies":[{"name":"wp","href":"https:\/\/api.w.org\/{rel}","templated":true}]}}