{"id":3156,"date":"2022-02-18T10:37:32","date_gmt":"2022-02-18T09:37:32","guid":{"rendered":"https:\/\/btl.com.pl\/?post_type=product&#038;p=3156"},"modified":"2022-02-18T10:37:32","modified_gmt":"2022-02-18T09:37:32","slug":"irgasan-c-135","status":"publish","type":"product","link":"https:\/\/www.btl.com.pl\/en\/produkty\/dodatki-i-odczynniki-chemiczne\/dodatki-do-podlozy-dodatki-i-odczynniki-chemiczne\/irgasan-c-135\/","title":{"rendered":"Irgasan.  C-135"},"content":{"rendered":"<div>nr katalogowy: <b>C-135<\/b><\/div>\n<p>&nbsp;<\/p>\n<div>\n<p><strong>Dodatek wybi\u00f3rczy do bulionu ITC.<\/strong><br \/>\n<strong>Wielko\u015b\u0107 opakowania:<br \/>\n<\/strong>5 g<\/p>\n<\/div>","protected":false},"excerpt":{"rendered":"<p>nr katalogowy: C-135 &nbsp; Dodatek wybi\u00f3rczy do bulionu ITC. Wielko\u015b\u0107 opakowania: 5 g<\/p>","protected":false},"featured_media":0,"template":"","meta":[],"product_brand":[],"product_cat":[118,82],"product_tag":[],"class_list":{"0":"post-3156","1":"product","2":"type-product","3":"status-publish","5":"product_cat-dodatki-do-podlozy-dodatki-i-odczynniki-chemiczne","6":"product_cat-dodatki-i-odczynniki-chemiczne","8":"first","9":"instock","10":"shipping-taxable","11":"product-type-simple"},"_links":{"self":[{"href":"https:\/\/www.btl.com.pl\/en\/wp-json\/wp\/v2\/product\/3156","targetHints":{"allow":["GET"]}}],"collection":[{"href":"https:\/\/www.btl.com.pl\/en\/wp-json\/wp\/v2\/product"}],"about":[{"href":"https:\/\/www.btl.com.pl\/en\/wp-json\/wp\/v2\/types\/product"}],"version-history":[{"count":1,"href":"https:\/\/www.btl.com.pl\/en\/wp-json\/wp\/v2\/product\/3156\/revisions"}],"predecessor-version":[{"id":3157,"href":"https:\/\/www.btl.com.pl\/en\/wp-json\/wp\/v2\/product\/3156\/revisions\/3157"}],"wp:attachment":[{"href":"https:\/\/www.btl.com.pl\/en\/wp-json\/wp\/v2\/media?parent=3156"}],"wp:term":[{"taxonomy":"product_brand","embeddable":true,"href":"https:\/\/www.btl.com.pl\/en\/wp-json\/wp\/v2\/product_brand?post=3156"},{"taxonomy":"product_cat","embeddable":true,"href":"https:\/\/www.btl.com.pl\/en\/wp-json\/wp\/v2\/product_cat?post=3156"},{"taxonomy":"product_tag","embeddable":true,"href":"https:\/\/www.btl.com.pl\/en\/wp-json\/wp\/v2\/product_tag?post=3156"}],"curies":[{"name":"wp","href":"https:\/\/api.w.org\/{rel}","templated":true}]}}