{"id":3152,"date":"2022-02-18T10:36:09","date_gmt":"2022-02-18T09:36:09","guid":{"rendered":"https:\/\/btl.com.pl\/?post_type=product&#038;p=3152"},"modified":"2022-02-18T10:36:09","modified_gmt":"2022-02-18T09:36:09","slug":"gliceryna-bezw-czda-glicerol-c-015","status":"publish","type":"product","link":"https:\/\/www.btl.com.pl\/en\/produkty\/dodatki-i-odczynniki-chemiczne\/dodatki-do-podlozy-dodatki-i-odczynniki-chemiczne\/gliceryna-bezw-czda-glicerol-c-015\/","title":{"rendered":"Gliceryna bezw. Czda (glicerol).  C-015"},"content":{"rendered":"<div>nr katalogowy: <b>C-015<\/b><\/div>\n<p>&nbsp;<\/p>\n<div>\n<p><strong>Dodatek do pod\u0142o\u017ca.<br \/>\nWielko\u015b\u0107 opakowania:<br \/>\n<\/strong>500 ml, 100 ml<\/p>\n<\/div>","protected":false},"excerpt":{"rendered":"<p>nr katalogowy: C-015 &nbsp; Dodatek do pod\u0142o\u017ca. Wielko\u015b\u0107 opakowania: 500 ml, 100 ml<\/p>","protected":false},"featured_media":0,"template":"","meta":[],"product_brand":[],"product_cat":[118,82],"product_tag":[],"class_list":{"0":"post-3152","1":"product","2":"type-product","3":"status-publish","5":"product_cat-dodatki-do-podlozy-dodatki-i-odczynniki-chemiczne","6":"product_cat-dodatki-i-odczynniki-chemiczne","8":"first","9":"instock","10":"shipping-taxable","11":"product-type-simple"},"_links":{"self":[{"href":"https:\/\/www.btl.com.pl\/en\/wp-json\/wp\/v2\/product\/3152","targetHints":{"allow":["GET"]}}],"collection":[{"href":"https:\/\/www.btl.com.pl\/en\/wp-json\/wp\/v2\/product"}],"about":[{"href":"https:\/\/www.btl.com.pl\/en\/wp-json\/wp\/v2\/types\/product"}],"version-history":[{"count":1,"href":"https:\/\/www.btl.com.pl\/en\/wp-json\/wp\/v2\/product\/3152\/revisions"}],"predecessor-version":[{"id":3153,"href":"https:\/\/www.btl.com.pl\/en\/wp-json\/wp\/v2\/product\/3152\/revisions\/3153"}],"wp:attachment":[{"href":"https:\/\/www.btl.com.pl\/en\/wp-json\/wp\/v2\/media?parent=3152"}],"wp:term":[{"taxonomy":"product_brand","embeddable":true,"href":"https:\/\/www.btl.com.pl\/en\/wp-json\/wp\/v2\/product_brand?post=3152"},{"taxonomy":"product_cat","embeddable":true,"href":"https:\/\/www.btl.com.pl\/en\/wp-json\/wp\/v2\/product_cat?post=3152"},{"taxonomy":"product_tag","embeddable":true,"href":"https:\/\/www.btl.com.pl\/en\/wp-json\/wp\/v2\/product_tag?post=3152"}],"curies":[{"name":"wp","href":"https:\/\/api.w.org\/{rel}","templated":true}]}}