{"id":3134,"date":"2022-02-18T10:28:27","date_gmt":"2022-02-18T09:28:27","guid":{"rendered":"https:\/\/btl.com.pl\/?post_type=product&#038;p=3134"},"modified":"2022-02-18T10:28:27","modified_gmt":"2022-02-18T09:28:27","slug":"dodatek-wybiorczy-do-agaru-cin-d-079","status":"publish","type":"product","link":"https:\/\/www.btl.com.pl\/en\/produkty\/dodatki-i-odczynniki-chemiczne\/dodatki-do-podlozy-dodatki-i-odczynniki-chemiczne\/dodatek-wybiorczy-do-agaru-cin-d-079\/","title":{"rendered":"Dodatek wybi\u00f3rczy do agaru CIN.  D-079"},"content":{"rendered":"<div>nr katalogowy: <b>D-079<\/b><\/div>\n<p>&nbsp;<\/p>\n<div>\n<p><strong>Dodatek wybi\u00f3rczy<br \/>\n<\/strong>Ka\u017cda fiolka jest przeznaczona na 500 ml pod\u0142o\u017ca podstawowego.<br \/>\n<strong>Wielko\u015b\u0107 opakowania:<br \/>\n<\/strong>fiolki &#8211; 10 x 500 ml<\/p>\n<\/div>","protected":false},"excerpt":{"rendered":"<p>nr katalogowy: D-079 &nbsp; Dodatek wybi\u00f3rczy Ka\u017cda fiolka jest przeznaczona na 500 ml pod\u0142o\u017ca podstawowego. Wielko\u015b\u0107 opakowania: fiolki &#8211; 10 x 500 ml<\/p>","protected":false},"featured_media":0,"template":"","meta":[],"product_brand":[],"product_cat":[118,82],"product_tag":[],"class_list":{"0":"post-3134","1":"product","2":"type-product","3":"status-publish","5":"product_cat-dodatki-do-podlozy-dodatki-i-odczynniki-chemiczne","6":"product_cat-dodatki-i-odczynniki-chemiczne","8":"first","9":"instock","10":"shipping-taxable","11":"product-type-simple"},"_links":{"self":[{"href":"https:\/\/www.btl.com.pl\/en\/wp-json\/wp\/v2\/product\/3134","targetHints":{"allow":["GET"]}}],"collection":[{"href":"https:\/\/www.btl.com.pl\/en\/wp-json\/wp\/v2\/product"}],"about":[{"href":"https:\/\/www.btl.com.pl\/en\/wp-json\/wp\/v2\/types\/product"}],"version-history":[{"count":1,"href":"https:\/\/www.btl.com.pl\/en\/wp-json\/wp\/v2\/product\/3134\/revisions"}],"predecessor-version":[{"id":3135,"href":"https:\/\/www.btl.com.pl\/en\/wp-json\/wp\/v2\/product\/3134\/revisions\/3135"}],"wp:attachment":[{"href":"https:\/\/www.btl.com.pl\/en\/wp-json\/wp\/v2\/media?parent=3134"}],"wp:term":[{"taxonomy":"product_brand","embeddable":true,"href":"https:\/\/www.btl.com.pl\/en\/wp-json\/wp\/v2\/product_brand?post=3134"},{"taxonomy":"product_cat","embeddable":true,"href":"https:\/\/www.btl.com.pl\/en\/wp-json\/wp\/v2\/product_cat?post=3134"},{"taxonomy":"product_tag","embeddable":true,"href":"https:\/\/www.btl.com.pl\/en\/wp-json\/wp\/v2\/product_tag?post=3134"}],"curies":[{"name":"wp","href":"https:\/\/api.w.org\/{rel}","templated":true}]}}