{"id":3118,"date":"2022-02-18T09:55:00","date_gmt":"2022-02-18T08:55:00","guid":{"rendered":"https:\/\/btl.com.pl\/?post_type=product&#038;p=3118"},"modified":"2022-02-18T09:55:01","modified_gmt":"2022-02-18T08:55:01","slug":"worki-do-sterylizacji-i-025","status":"publish","type":"product","link":"https:\/\/www.btl.com.pl\/en\/produkty\/wskazniki-do-kontroli-sterylizacji\/para-wodna-wskazniki-do-kontroli-sterylizacji\/worki-do-sterylizacji-i-025\/","title":{"rendered":"Worki do sterylizacji.   I-025"},"content":{"rendered":"<div>nr katalogowy: <b>I-025<\/b><\/div>\n<p>&nbsp;<\/p>\n<div>\n<p><strong>Zastosowanie:<\/strong><br \/>\nWorki do strylizacji w autoklawie oraz do niszczenia ska\u017conych produkt\u00f3w, takich jak p\u0142ytki Petriego, prob\u00f3wki itp. Znosz\u0105 autoklawowanie w 121<sup>\u03bf<\/sup> C przez 30 min.<br \/>\n<strong>Rodzje work\u00f3w oraz wymiary:<br \/>\n<\/strong>&#8211; 9 l (300*500 mm)<br \/>\n&#8211; 21 l (400*780 mm)<br \/>\n&#8211; 33 l (600*780 mm)<br \/>\n<strong>Wielko\u015b\u0107 opakowania:<\/strong><br \/>\n100 szt.<\/p>\n<\/div>","protected":false},"excerpt":{"rendered":"<p>nr katalogowy: I-025 &nbsp; Zastosowanie: Worki do strylizacji w autoklawie oraz do niszczenia ska\u017conych produkt\u00f3w, takich jak p\u0142ytki Petriego, prob\u00f3wki itp. Znosz\u0105 autoklawowanie w 121\u03bf C przez 30 min. Rodzje work\u00f3w oraz wymiary: &#8211; 9 l (300*500 mm) &#8211; 21 l (400*780 mm) &#8211; 33 l (600*780 mm) Wielko\u015b\u0107 opakowania: 100 szt.<\/p>","protected":false},"featured_media":0,"template":"","meta":[],"product_brand":[],"product_cat":[120,83],"product_tag":[],"class_list":{"0":"post-3118","1":"product","2":"type-product","3":"status-publish","5":"product_cat-para-wodna-wskazniki-do-kontroli-sterylizacji","6":"product_cat-wskazniki-do-kontroli-sterylizacji","8":"first","9":"instock","10":"shipping-taxable","11":"product-type-simple"},"_links":{"self":[{"href":"https:\/\/www.btl.com.pl\/en\/wp-json\/wp\/v2\/product\/3118","targetHints":{"allow":["GET"]}}],"collection":[{"href":"https:\/\/www.btl.com.pl\/en\/wp-json\/wp\/v2\/product"}],"about":[{"href":"https:\/\/www.btl.com.pl\/en\/wp-json\/wp\/v2\/types\/product"}],"version-history":[{"count":1,"href":"https:\/\/www.btl.com.pl\/en\/wp-json\/wp\/v2\/product\/3118\/revisions"}],"predecessor-version":[{"id":3119,"href":"https:\/\/www.btl.com.pl\/en\/wp-json\/wp\/v2\/product\/3118\/revisions\/3119"}],"wp:attachment":[{"href":"https:\/\/www.btl.com.pl\/en\/wp-json\/wp\/v2\/media?parent=3118"}],"wp:term":[{"taxonomy":"product_brand","embeddable":true,"href":"https:\/\/www.btl.com.pl\/en\/wp-json\/wp\/v2\/product_brand?post=3118"},{"taxonomy":"product_cat","embeddable":true,"href":"https:\/\/www.btl.com.pl\/en\/wp-json\/wp\/v2\/product_cat?post=3118"},{"taxonomy":"product_tag","embeddable":true,"href":"https:\/\/www.btl.com.pl\/en\/wp-json\/wp\/v2\/product_tag?post=3118"}],"curies":[{"name":"wp","href":"https:\/\/api.w.org\/{rel}","templated":true}]}}