{"id":3116,"date":"2022-02-18T09:54:23","date_gmt":"2022-02-18T08:54:23","guid":{"rendered":"https:\/\/btl.com.pl\/?post_type=product&#038;p=3116"},"modified":"2022-02-18T09:54:23","modified_gmt":"2022-02-18T08:54:23","slug":"tasma-do-kontroli-sterylizacji-parowej-tas-i-007","status":"publish","type":"product","link":"https:\/\/www.btl.com.pl\/en\/produkty\/wskazniki-do-kontroli-sterylizacji\/para-wodna-wskazniki-do-kontroli-sterylizacji\/tasma-do-kontroli-sterylizacji-parowej-tas-i-007\/","title":{"rendered":"Ta\u015bma do kontroli sterylizacji parowej \u2013 TAS.  I-007"},"content":{"rendered":"<div>nr katalogowy: <b>I-007<\/b><\/div>\n<p>&nbsp;<\/p>\n<div>\n<p><strong>Zastosowanie:<\/strong><br \/>\nWska\u017anik do kontroli strylizacji par\u0105 wodn\u0105 w nadci\u015bnieniu.<br \/>\nTest chemiczny.<br \/>\nTa\u015bma wykonana jest z krepowanego papieru z naniesion\u0105 warstw\u0105 kleju gwarantuj\u0105cego ich dobre przyleganie do czystych powierzchni.<br \/>\nNaklejona na zewn\u0105trz pakietu, s\u0142u\u017cy do natychmiastowej kontroli czy dany pakiet (puszka) by\u0142 poddany procesowi sterylizacji. Nie niszczy si\u0119 podczas procesu sterylizacji i mo\u017ce by\u0107 \u0142atwo usuni\u0119ta.<br \/>\nTa\u015bm\u0119 nale\u017cy przechowywa\u0107 w suchym, ciemnym i ch\u0142odnym miejscu.<br \/>\nWyra\u017ana zmiana barwy z zielonej na brunatn\u0105 naniesionych na niej uko\u015bnych lini z kropk\u0105 nast\u0119puje po procesie sterylizacji o parametrach:<br \/>\n-120 <sup>\u03bf<\/sup> C przez 20 minut<br \/>\n-125 <sup>\u03bf<\/sup> C przez 9 minut<br \/>\n-135 <sup>\u03bf<\/sup> C przez 5 minut<br \/>\nD\u0142ugo\u015b\u0107 ta\u015bmy: 50m<br \/>\nSzeroko\u015b\u0107 ta\u015bmy: 19mm<br \/>\n<strong>Wielko\u015b\u0107 opakowania:<\/strong><br \/>\n1 rolka<\/p>\n<\/div>","protected":false},"excerpt":{"rendered":"<p>nr katalogowy: I-007 &nbsp; Zastosowanie: Wska\u017anik do kontroli strylizacji par\u0105 wodn\u0105 w nadci\u015bnieniu. Test chemiczny. Ta\u015bma wykonana jest z krepowanego papieru z naniesion\u0105 warstw\u0105 kleju gwarantuj\u0105cego ich dobre przyleganie do czystych powierzchni. Naklejona na zewn\u0105trz pakietu, s\u0142u\u017cy do natychmiastowej kontroli czy dany pakiet (puszka) by\u0142 poddany procesowi sterylizacji. Nie niszczy si\u0119 podczas procesu sterylizacji i [&hellip;]<\/p>\n","protected":false},"featured_media":0,"template":"","meta":[],"product_brand":[],"product_cat":[120,83],"product_tag":[],"class_list":{"0":"post-3116","1":"product","2":"type-product","3":"status-publish","5":"product_cat-para-wodna-wskazniki-do-kontroli-sterylizacji","6":"product_cat-wskazniki-do-kontroli-sterylizacji","8":"first","9":"instock","10":"shipping-taxable","11":"product-type-simple"},"_links":{"self":[{"href":"https:\/\/www.btl.com.pl\/en\/wp-json\/wp\/v2\/product\/3116","targetHints":{"allow":["GET"]}}],"collection":[{"href":"https:\/\/www.btl.com.pl\/en\/wp-json\/wp\/v2\/product"}],"about":[{"href":"https:\/\/www.btl.com.pl\/en\/wp-json\/wp\/v2\/types\/product"}],"version-history":[{"count":1,"href":"https:\/\/www.btl.com.pl\/en\/wp-json\/wp\/v2\/product\/3116\/revisions"}],"predecessor-version":[{"id":3117,"href":"https:\/\/www.btl.com.pl\/en\/wp-json\/wp\/v2\/product\/3116\/revisions\/3117"}],"wp:attachment":[{"href":"https:\/\/www.btl.com.pl\/en\/wp-json\/wp\/v2\/media?parent=3116"}],"wp:term":[{"taxonomy":"product_brand","embeddable":true,"href":"https:\/\/www.btl.com.pl\/en\/wp-json\/wp\/v2\/product_brand?post=3116"},{"taxonomy":"product_cat","embeddable":true,"href":"https:\/\/www.btl.com.pl\/en\/wp-json\/wp\/v2\/product_cat?post=3116"},{"taxonomy":"product_tag","embeddable":true,"href":"https:\/\/www.btl.com.pl\/en\/wp-json\/wp\/v2\/product_tag?post=3116"}],"curies":[{"name":"wp","href":"https:\/\/api.w.org\/{rel}","templated":true}]}}