{"id":3112,"date":"2022-02-18T09:52:58","date_gmt":"2022-02-18T08:52:58","guid":{"rendered":"https:\/\/btl.com.pl\/?post_type=product&#038;p=3112"},"modified":"2022-02-18T09:52:59","modified_gmt":"2022-02-18T08:52:59","slug":"browne-tst-control-test-emulacyjny-czas-para-temp-i-004","status":"publish","type":"product","link":"https:\/\/www.btl.com.pl\/en\/produkty\/wskazniki-do-kontroli-sterylizacji\/para-wodna-wskazniki-do-kontroli-sterylizacji\/browne-tst-control-test-emulacyjny-czas-para-temp-i-004\/","title":{"rendered":"Browne TST Control \u2013 test emulacyjny (czas\/para\/temp.).  I-004"},"content":{"rendered":"<div>nr katalogowy: <b>I-004<\/b><\/div>\n<p>&nbsp;<\/p>\n<div>\n<p><strong>Zastosowanie:<\/strong><br \/>\nWska\u017anik do kontroli strylizacji par\u0105 wodn\u0105 w nadci\u015bnieniu.<br \/>\nTest chemiczny.<br \/>\nEmulacyjny test klasy 6, reaguje na wszystkie parametry krytyczne w zakresie warto\u015bci cyklu sterylizacji (czas, temperatura, ci\u015bnienie).<br \/>\nBrowne TST jest testem, kt\u00f3ry zmienia barw\u0119 wyra\u017anie i natychmiastowo, gdy zosta\u0142a osi\u0105gni\u0119ta wzajemna zale\u017cno\u015b\u0107 temperatury, czasu w parze nasyconej.<br \/>\nInterpretacja wynik\u00f3w: natychmiastowa zmiana barwy z \u017c\u00f3\u0142tej (przed wyja\u0142owieniem) na fioletow\u0105 (po wyja\u0142owieniu) po osi\u0105gni\u0119ciu wszystkich trzech czynnik\u00f3w.<br \/>\nSubstancje chemiczne zawarte w te\u015bcie s\u0105 nietoksyczne, wolne od zwi\u0105zk\u00f3w o\u0142owiu i innych metali ci\u0119\u017ckich.<br \/>\n<strong>Wielko\u015b\u0107 opakowania:<\/strong><br \/>\n100 pask\u00f3w<\/p>\n<\/div>","protected":false},"excerpt":{"rendered":"<p>nr katalogowy: I-004 &nbsp; Zastosowanie: Wska\u017anik do kontroli strylizacji par\u0105 wodn\u0105 w nadci\u015bnieniu. Test chemiczny. Emulacyjny test klasy 6, reaguje na wszystkie parametry krytyczne w zakresie warto\u015bci cyklu sterylizacji (czas, temperatura, ci\u015bnienie). Browne TST jest testem, kt\u00f3ry zmienia barw\u0119 wyra\u017anie i natychmiastowo, gdy zosta\u0142a osi\u0105gni\u0119ta wzajemna zale\u017cno\u015b\u0107 temperatury, czasu w parze nasyconej. Interpretacja wynik\u00f3w: natychmiastowa [&hellip;]<\/p>\n","protected":false},"featured_media":0,"template":"","meta":[],"product_brand":[],"product_cat":[120,83],"product_tag":[],"class_list":{"0":"post-3112","1":"product","2":"type-product","3":"status-publish","5":"product_cat-para-wodna-wskazniki-do-kontroli-sterylizacji","6":"product_cat-wskazniki-do-kontroli-sterylizacji","8":"first","9":"instock","10":"shipping-taxable","11":"product-type-simple"},"_links":{"self":[{"href":"https:\/\/www.btl.com.pl\/en\/wp-json\/wp\/v2\/product\/3112","targetHints":{"allow":["GET"]}}],"collection":[{"href":"https:\/\/www.btl.com.pl\/en\/wp-json\/wp\/v2\/product"}],"about":[{"href":"https:\/\/www.btl.com.pl\/en\/wp-json\/wp\/v2\/types\/product"}],"version-history":[{"count":1,"href":"https:\/\/www.btl.com.pl\/en\/wp-json\/wp\/v2\/product\/3112\/revisions"}],"predecessor-version":[{"id":3113,"href":"https:\/\/www.btl.com.pl\/en\/wp-json\/wp\/v2\/product\/3112\/revisions\/3113"}],"wp:attachment":[{"href":"https:\/\/www.btl.com.pl\/en\/wp-json\/wp\/v2\/media?parent=3112"}],"wp:term":[{"taxonomy":"product_brand","embeddable":true,"href":"https:\/\/www.btl.com.pl\/en\/wp-json\/wp\/v2\/product_brand?post=3112"},{"taxonomy":"product_cat","embeddable":true,"href":"https:\/\/www.btl.com.pl\/en\/wp-json\/wp\/v2\/product_cat?post=3112"},{"taxonomy":"product_tag","embeddable":true,"href":"https:\/\/www.btl.com.pl\/en\/wp-json\/wp\/v2\/product_tag?post=3112"}],"curies":[{"name":"wp","href":"https:\/\/api.w.org\/{rel}","templated":true}]}}