{"id":3108,"date":"2022-02-18T09:50:33","date_gmt":"2022-02-18T08:50:33","guid":{"rendered":"https:\/\/btl.com.pl\/?post_type=product&#038;p=3108"},"modified":"2022-02-18T09:50:34","modified_gmt":"2022-02-18T08:50:34","slug":"sporal-s-wskaznik-biologiczny-i-001","status":"publish","type":"product","link":"https:\/\/www.btl.com.pl\/en\/produkty\/wskazniki-do-kontroli-sterylizacji\/goracym-powietrzem-wskazniki-do-kontroli-sterylizacji\/sporal-s-wskaznik-biologiczny-i-001\/","title":{"rendered":"Sporal S \u2013 wska\u017anik biologiczny.  I-001"},"content":{"rendered":"<div>nr katalogowy: <b>I-001<\/b><\/div>\n<p>&nbsp;<\/p>\n<div>\n<p><strong>Zastosowanie:<br \/>\n<\/strong>Wska\u017anik do mikrobiologicznej oceny skuteczno\u015bci sterylizacji suchym gor\u0105cym powietrzem. Test biologiczny.<br \/>\nKr\u0105\u017cek bibu\u0142owy zawiera zarodniki <em>Bacillus subtilis<\/em> zdolne do przej\u015bcia w formy wegetatywne. Zarodniki u\u017cytego szczepu posiadaj\u0105 \u015bci\u015ble oznaczon\u0105 i powtarzaln\u0105 charakterystyk\u0119 prze\u017cywalno\u015bci w warunkach sterylizacji suchym, gor\u0105cym powietrzem. Sporal S ulega wyja\u0142owieniu gdy czas sterylizacji wynosi conajmniej 2 godziny,a temperatura suchego powietrza w komorze sterylizacji nie mniej ni\u017c 160\u00a0<sup>\u03bf<\/sup> C zak\u0142adaj\u0105c prawid\u0142owy przebieg sterylizacji.<br \/>\nZ opakowania foliowego wyj\u0105\u0107 torebki papierowe z kr\u0105\u017ckami Sporalu S i umie\u015bci\u0107 w r\u00f3\u017cnych miejscach komory sterylizatora. Po zako\u0144czeniu sterylizacji przenie\u015b\u0107 kr\u0105\u017cki z zachowaniem warunk\u00f3w ja\u0142owo\u015bci do prob\u00f3wek zawieraj\u0105cych po 10 ml bulionu kazeinowo-sojowego. Inkubowa\u0107 w temperaturze 37<sup>\u00a0\u03bf<\/sup> C przez 7 dni. W przypadku nieskutecznej sterylizacji w bulionie wyst\u0105pi zm\u0119tnienienie i ko\u017cuch. Je\u017celi sterylizacja zosta\u0142a przeprowadzona w spos\u00f3b skuteczny, bulion pozostanie klarowny.<br \/>\n<strong>Wielko\u015b\u0107 opakowania:<\/strong><br \/>\n40 kr\u0105\u017ck\u00f3w<\/p>\n<\/div>","protected":false},"excerpt":{"rendered":"<p>nr katalogowy: I-001 &nbsp; Zastosowanie: Wska\u017anik do mikrobiologicznej oceny skuteczno\u015bci sterylizacji suchym gor\u0105cym powietrzem. Test biologiczny. Kr\u0105\u017cek bibu\u0142owy zawiera zarodniki Bacillus subtilis zdolne do przej\u015bcia w formy wegetatywne. Zarodniki u\u017cytego szczepu posiadaj\u0105 \u015bci\u015ble oznaczon\u0105 i powtarzaln\u0105 charakterystyk\u0119 prze\u017cywalno\u015bci w warunkach sterylizacji suchym, gor\u0105cym powietrzem. Sporal S ulega wyja\u0142owieniu gdy czas sterylizacji wynosi conajmniej 2 godziny,a [&hellip;]<\/p>\n","protected":false},"featured_media":0,"template":"","meta":[],"product_brand":[],"product_cat":[119,83],"product_tag":[],"class_list":{"0":"post-3108","1":"product","2":"type-product","3":"status-publish","5":"product_cat-goracym-powietrzem-wskazniki-do-kontroli-sterylizacji","6":"product_cat-wskazniki-do-kontroli-sterylizacji","8":"first","9":"instock","10":"shipping-taxable","11":"product-type-simple"},"_links":{"self":[{"href":"https:\/\/www.btl.com.pl\/en\/wp-json\/wp\/v2\/product\/3108","targetHints":{"allow":["GET"]}}],"collection":[{"href":"https:\/\/www.btl.com.pl\/en\/wp-json\/wp\/v2\/product"}],"about":[{"href":"https:\/\/www.btl.com.pl\/en\/wp-json\/wp\/v2\/types\/product"}],"version-history":[{"count":1,"href":"https:\/\/www.btl.com.pl\/en\/wp-json\/wp\/v2\/product\/3108\/revisions"}],"predecessor-version":[{"id":3109,"href":"https:\/\/www.btl.com.pl\/en\/wp-json\/wp\/v2\/product\/3108\/revisions\/3109"}],"wp:attachment":[{"href":"https:\/\/www.btl.com.pl\/en\/wp-json\/wp\/v2\/media?parent=3108"}],"wp:term":[{"taxonomy":"product_brand","embeddable":true,"href":"https:\/\/www.btl.com.pl\/en\/wp-json\/wp\/v2\/product_brand?post=3108"},{"taxonomy":"product_cat","embeddable":true,"href":"https:\/\/www.btl.com.pl\/en\/wp-json\/wp\/v2\/product_cat?post=3108"},{"taxonomy":"product_tag","embeddable":true,"href":"https:\/\/www.btl.com.pl\/en\/wp-json\/wp\/v2\/product_tag?post=3108"}],"curies":[{"name":"wp","href":"https:\/\/api.w.org\/{rel}","templated":true}]}}