{"id":3098,"date":"2022-02-18T01:26:19","date_gmt":"2022-02-18T00:26:19","guid":{"rendered":"https:\/\/btl.com.pl\/?post_type=product&#038;p=3098"},"modified":"2022-02-18T01:26:23","modified_gmt":"2022-02-18T00:26:23","slug":"szkielka-podstawowe-76-x-26-mm-ciete-75-x-25-szlifowane-o-grubosci-1-mm-z-cietymi-krawedziami-gladkie-hsp-11","status":"publish","type":"product","link":"https:\/\/www.btl.com.pl\/en\/produkty\/sprzet-laboratoryjny\/analiza-mikroskopowa-sprzet-laboratoryjny\/szkielka-podstawowe-76-x-26-mm-ciete-75-x-25-szlifowane-o-grubosci-1-mm-z-cietymi-krawedziami-gladkie-hsp-11\/","title":{"rendered":"Szkie\u0142ka podstawowe: 76 \u00d7 26 mm \u2013 ci\u0119te, 75 \u00d7 25 szlifowane o grubo\u015bci 1 mm: z ci\u0119tymi kraw\u0119dziami, g\u0142adkie.  HSP-11"},"content":{"rendered":"<div>nr katalogowy: <b>HSP-11<\/b><\/div>\n<p>&nbsp;<\/p>\n<div>\n<p><strong>Wielko\u015b\u0107 opakowania:<\/strong><br \/>\n50 sztuk<\/p>\n<\/div>","protected":false},"excerpt":{"rendered":"<p>nr katalogowy: HSP-11 &nbsp; Wielko\u015b\u0107 opakowania: 50 sztuk<\/p>","protected":false},"featured_media":0,"template":"","meta":[],"product_brand":[],"product_cat":[123,84],"product_tag":[],"class_list":{"0":"post-3098","1":"product","2":"type-product","3":"status-publish","5":"product_cat-analiza-mikroskopowa-sprzet-laboratoryjny","6":"product_cat-sprzet-laboratoryjny","8":"first","9":"instock","10":"shipping-taxable","11":"product-type-simple"},"_links":{"self":[{"href":"https:\/\/www.btl.com.pl\/en\/wp-json\/wp\/v2\/product\/3098","targetHints":{"allow":["GET"]}}],"collection":[{"href":"https:\/\/www.btl.com.pl\/en\/wp-json\/wp\/v2\/product"}],"about":[{"href":"https:\/\/www.btl.com.pl\/en\/wp-json\/wp\/v2\/types\/product"}],"version-history":[{"count":1,"href":"https:\/\/www.btl.com.pl\/en\/wp-json\/wp\/v2\/product\/3098\/revisions"}],"predecessor-version":[{"id":3099,"href":"https:\/\/www.btl.com.pl\/en\/wp-json\/wp\/v2\/product\/3098\/revisions\/3099"}],"wp:attachment":[{"href":"https:\/\/www.btl.com.pl\/en\/wp-json\/wp\/v2\/media?parent=3098"}],"wp:term":[{"taxonomy":"product_brand","embeddable":true,"href":"https:\/\/www.btl.com.pl\/en\/wp-json\/wp\/v2\/product_brand?post=3098"},{"taxonomy":"product_cat","embeddable":true,"href":"https:\/\/www.btl.com.pl\/en\/wp-json\/wp\/v2\/product_cat?post=3098"},{"taxonomy":"product_tag","embeddable":true,"href":"https:\/\/www.btl.com.pl\/en\/wp-json\/wp\/v2\/product_tag?post=3098"}],"curies":[{"name":"wp","href":"https:\/\/api.w.org\/{rel}","templated":true}]}}